{"id":5011,"date":"2024-05-15T12:03:45","date_gmt":"2024-05-15T10:03:45","guid":{"rendered":"https:\/\/www.big-brokers.ch\/cookie-policy\/"},"modified":"2025-07-01T14:32:31","modified_gmt":"2025-07-01T12:32:31","slug":"cookie-policy","status":"publish","type":"page","link":"https:\/\/www.big-brokers.ch\/fr\/cookie-policy\/","title":{"rendered":"Cookie policy"},"content":{"rendered":"<div class=\"wpb-content-wrapper\"><p>[vc_row css=&#8221;.vc_custom_1562932340084{padding-top: 5% !important;padding-right: 10% !important;padding-bottom: 5% !important;padding-left: 10% !important;}&#8221;][vc_column][vc_single_image image=&#8221;3466&#8243; img_size=&#8221;600&#215;300&#8243; alignment=&#8221;center&#8221;][vc_empty_space][vc_column_text]<\/p>\n<h2><strong>Informations sur l&#8217;utilisation des cookies.<\/strong><\/h2>\n<p><strong>Pr\u00e9ambule<\/strong><\/p>\n<p>Cette politique de cookies est rendue pour le site\u00a0<a href=\"https:\/\/big-brokers.ch\/it\/#\">https:\/\/big-brokers.ch\/it\/#<\/a>\u00a0(<strong>Site<\/strong>). Ce document a \u00e9t\u00e9 \u00e9tabli en tenant compte des dispositions du r\u00e8glement europ\u00e9en sur la protection des donn\u00e9es 679\/2016 (<strong>RGPD<\/strong>), conform\u00e9ment au Code de la confidentialit\u00e9 (d\u00e9cret l\u00e9gislatif n\u00b0 196 du 30 juin 2003) et aux directives du Garante Privacy (notamment les directives sur l&#8217;utilisation des cookies publi\u00e9es le 10 juillet 2021).<\/p>\n<p><strong>Contr\u00f4leur des donn\u00e9es<\/strong>: BIG Insurance Brokers Suisse SA &#8211; P. IVA \/ VAT No. SZIDICHE115282954IVA &#8211; Corso Elvezia, 10 Lugano 6901 Swiss &#8211; E-mail: info@big-brokers.ch \/ E-mail: info@big-brokers.mc<\/p>\n<p>&nbsp;<\/p>\n<p><strong>INFORMATIONS G\u00c9N\u00c9RALES<\/strong><\/p>\n<h4><strong>Que sont les cookies et \u00e0 quoi servent-ils<\/strong><\/h4>\n<p>Un cookie est un fichier texte qu&#8217;un site internet visit\u00e9 par l&#8217;utilisateur envoie \u00e0 son terminal (ordinateur, appareil mobile tel qu&#8217;un smartphone ou une tablette), o\u00f9 il est stock\u00e9 afin d&#8217;\u00eatre retransmis \u00e0 ce site lors d&#8217;une visite ult\u00e9rieure de celui-ci.<\/p>\n<p>Les cookies se distinguent:<\/p>\n<ul>\n<li>\n<p>en fonction de la finalit\u00e9 de chaque cookie : certains cookies permettent une meilleure navigation en m\u00e9morisant certains choix de l&#8217;utilisateur, par exemple la langue (dits &#8221; cookies techniques &#8220;), d&#8217;autres cookies permettent de suivre la navigation de l&#8217;utilisateur \u00e9galement dans le but d&#8217;envoyer des publicit\u00e9s et\/ou d&#8217;offrir des services en fonction des pr\u00e9f\u00e9rences de l&#8217;utilisateur (dits &#8221; cookies de profilage &#8220;).<\/p>\n<\/li>\n<\/ul>\n<p>Seuls les cookies de profilage n\u00e9cessitent le consentement pr\u00e9alable de l&#8217;utilisateur pour leur utilisation.<\/p>\n<p>Le Contr\u00f4leur des donn\u00e9es est uniquement responsable des cookies de premi\u00e8re partie qu&#8217;il installe sur le Site.<\/p>\n<p>Sous &#8220;<strong>Cookies techniques de premi\u00e8re partie<\/strong>&#8221; vous pouvez consulter les types de cookies techniques de premi\u00e8re partie \u00e9mis par le Site.<\/p>\n<p>La gestion des cookies de profilage est d\u00e9crite dans la section &#8220;<strong>Cookies de profilage de tiers<\/strong>&#8220;.<\/p>\n<p>Toutefois, vous pouvez \u00e9galement activer\/d\u00e9sactiver les cookies via les options de votre navigateur:<\/p>\n<p>&nbsp;<\/p>\n<p><strong>Internet Explorer<\/strong><\/p>\n<p>Acc\u00e8s au menu<strong>Tools<\/strong>, puis\u00a0<strong>Options<\/strong>,\u00a0<strong>Internet<\/strong>.<\/p>\n<p>Cliquez sur\u00a0<strong>Privacy<\/strong>, puis\u00a0<strong>Avanc\u00e9es\u00a0<\/strong>.<\/p>\n<p>Dans l&#8217;onglet\u00a0<strong>Cookie<\/strong>, s\u00e9lectionnez vos pr\u00e9f\u00e9rences.<\/p>\n<p>&nbsp;<\/p>\n<p><strong>Google Chrome<\/strong><\/p>\n<p>Cliquez sur\u00a0<strong>menu du Chrome<\/strong>, correspondant au bouton dans le coin sup\u00e9rieur droit.<\/p>\n<p>Cliquez sur\u00a0<strong>Param\u00e8tres<\/strong>,puis cliquez sur\u00a0<strong>Avanc\u00e9es<\/strong>.<\/p>\n<p>A&#8217; la section<strong>Confidentialit\u00e9 et S\u00e9curit\u00e9<\/strong>, cliquez sur le bouton<strong>Param\u00e8tres du contenu<\/strong>.<\/p>\n<p>S\u00e9lectionnez vos options pr\u00e9f\u00e9r\u00e9es dans le<strong>Cookie<\/strong>.<\/p>\n<p>&nbsp;<\/p>\n<p><strong>Firefox<\/strong><\/p>\n<p>Cliquez sur<strong>Tools<\/strong>, pois<strong>Options<\/strong>.<\/p>\n<p>Cliquez sur<strong>Confidentialit\u00e9 et S\u00e9curit\u00e9<\/strong>.<\/p>\n<p>Cliquez sur<strong>Utiliser des param\u00e8tres personnalis\u00e9s pour l&#8217;historique<\/strong>.<\/p>\n<p>S\u00e9lectionnez vos options pr\u00e9f\u00e9r\u00e9es dans le<strong>Accepter les cookies et les donn\u00e9es des sites web<\/strong>.<\/p>\n<p>&nbsp;<\/p>\n<p><strong>Safari<\/strong><\/p>\n<p>Cliquez sur<strong>Safari<\/strong>, puis<strong>Options<\/strong>.<\/p>\n<p>Cliquez sur<strong>Confidentialit\u00e9 et S\u00e9curit\u00e9<\/strong>.<\/p>\n<p>Cliquez sur<strong>Blocage des cookies<\/strong>s\u00e9lectionnez les options pr\u00e9f\u00e9r\u00e9es.<\/p>\n<p>&nbsp;<\/p>\n<p>Pour plus d&#8217;informations sur les services Google \u00e9num\u00e9r\u00e9s ci-dessous, cliquez sur le lien suivant:\u00a0<a href=\"https:\/\/policies.google.com\/technologies\/partner-sites\" target=\"__blank\" rel=\"noopener\">https:\/\/policies.google.com\/technologies\/partner-sites<\/a><\/p>\n<section><strong>Cookies de premi\u00e8re partie et cookies techniques<\/strong><\/p>\n<p>Ces cookies sont n\u00e9cessaires au fonctionnement du site et ne peuvent \u00eatre d\u00e9sactiv\u00e9s.<\/p>\n<\/section>\n<p>&nbsp;<\/p>\n<section><strong>Cookies de tiers et profilage statistique<\/strong><\/p>\n<p>Cookies utilis\u00e9s \u00e0 des fins statistiques et analytiques.<\/p>\n<table>\n<thead>\n<tr>\n<th>Nome<\/th>\n<th>Provider<\/th>\n<th>Descrizione<\/th>\n<th>Durata<\/th>\n<th>Privacy Policy<\/th>\n<th>Modulo del consenso<\/th>\n<th>googleServicesEnabled<\/th>\n<\/tr>\n<\/thead>\n<tbody>\n<tr>\n<td>Google Analytics 4<\/td>\n<td>Google LLC.<\/td>\n<td>Permet de fournir des services de profilage statistique offerts par Google.<\/td>\n<td>14 mois<\/td>\n<td><a href=\"https:\/\/support.google.com\/analytics\/answer\/12017362?hl=fr\">https:\/\/support.google.com\/analytics\/answer\/12017362?hl=fr<\/a><\/td>\n<td>Le formulaire de consentement n&#8217;est pas disponible. Utiliser les options du navigateur.<\/td>\n<td>true<\/td>\n<\/tr>\n<tr>\n<td>Youtube<\/td>\n<td>Youtube, Inc.<\/td>\n<td>Permette lo svolgimento dei servizi di statistica offerti da YouTube Inc.<\/td>\n<td><\/td>\n<td><a href=\"https:\/\/policies.google.com\/privacy?hl=it&amp;gl=it\">https:\/\/policies.google.com\/privacy?hl=it&amp;gl=it<\/a><\/td>\n<td><\/td>\n<td>false<\/td>\n<\/tr>\n<\/tbody>\n<\/table>\n<\/section>\n<p>&nbsp;<\/p>\n<div>\n<p><strong>Ses droits<\/strong><\/p>\n<p>Conform\u00e9ment \u00e0 l&#8217;article 13 du RGPD, le Contr\u00f4leur de Donn\u00e9es vous informe que vous avez le droit de:<\/p>\n<ul>\n<li>\n<p>de demander au Contr\u00f4leur des donn\u00e9es l&#8217;acc\u00e8s \u00e0 vos donn\u00e9es personnelles et la rectification ou l&#8217;effacement de ces donn\u00e9es ou la limitation du traitement vous concernant ou de s&#8217;opposer \u00e0 son traitement, ainsi que le droit \u00e0 la portabilit\u00e9 des donn\u00e9es.<\/p>\n<\/li>\n<li>\n<p>retirer son consentement \u00e0 tout moment, sans pr\u00e9judice de la lic\u00e9it\u00e9 du traitement fond\u00e9 sur le consentement donn\u00e9 avant le retrait.<\/p>\n<\/li>\n<li>\n<p>d\u00e9poser une plainte aupr\u00e8s d&#8217;une autorit\u00e9 de contr\u00f4le (par exemple, l&#8217;Autorit\u00e9 de protection des donn\u00e9es).<\/p>\n<\/li>\n<\/ul>\n<p>Les droits susmentionn\u00e9s peuvent \u00eatre exerc\u00e9s en faisant une demande aupr\u00e8s des contacts indiqu\u00e9s dans l&#8217;avant-propos, sans formalit\u00e9s.<\/p>\n<\/div>\n<p>[\/vc_column_text][\/vc_column][\/vc_row][vc_row][vc_column][vc_column_text]<\/p>\n<p>[\/vc_column_text][\/vc_column][\/vc_row]<\/p>\n<\/div>","protected":false},"excerpt":{"rendered":"<p>[vc_row css=&#8221;.vc_custom_1562932340084{padding-top: 5% !important;padding-right: 10% !important;padding-bottom: 5% !important;padding-left: 10% !important;}&#8221;][vc_column][vc_single_image image=&#8221;3466&#8243; img_size=&#8221;600&#215;300&#8243; alignment=&#8221;center&#8221;][vc_empty_space][vc_column_text] Informations sur l&#8217;utilisation des cookies. Pr\u00e9ambule Cette politique de cookies est rendue pour le site\u00a0https:\/\/big-brokers.ch\/it\/#\u00a0(Site). Ce document a \u00e9t\u00e9 \u00e9tabli en tenant compte des dispositions du r\u00e8glement europ\u00e9en sur la protection des donn\u00e9es 679\/2016 (RGPD), conform\u00e9ment au Code de la confidentialit\u00e9 (d\u00e9cret [&hellip;]<\/p>\n","protected":false},"author":3,"featured_media":0,"parent":0,"menu_order":0,"comment_status":"closed","ping_status":"closed","template":"page-templates\/other-page.php","meta":{"footnotes":""},"class_list":["post-5011","page","type-page","status-publish","hentry"],"yoast_head":"<!-- This site is optimized with the Yoast SEO plugin v25.3.1 - https:\/\/yoast.com\/wordpress\/plugins\/seo\/ -->\n<title>Cookie policy - BIG Insurance Brokers<\/title>\n<meta name=\"description\" content=\"D\u00e9couvrez comment Big Brokers utilise les cookies pour am\u00e9liorer l\u2019exp\u00e9rience utilisateur et proposer des services personnalis\u00e9s.\" \/>\n<meta name=\"robots\" content=\"index, follow, max-snippet:-1, max-image-preview:large, max-video-preview:-1\" \/>\n<link rel=\"canonical\" href=\"https:\/\/www.big-brokers.ch\/it\/cookie-policy\/\" \/>\n<meta property=\"og:locale\" content=\"fr_FR\" \/>\n<meta property=\"og:type\" content=\"article\" \/>\n<meta property=\"og:title\" content=\"Cookie policy - BIG Insurance Brokers\" \/>\n<meta property=\"og:description\" content=\"D\u00e9couvrez comment Big Brokers utilise les cookies pour am\u00e9liorer l\u2019exp\u00e9rience utilisateur et proposer des services personnalis\u00e9s.\" \/>\n<meta property=\"og:url\" content=\"https:\/\/www.big-brokers.ch\/it\/cookie-policy\/\" \/>\n<meta property=\"og:site_name\" content=\"BIG Insurance Brokers\" \/>\n<meta property=\"article:modified_time\" content=\"2025-07-01T12:32:31+00:00\" \/>\n<meta name=\"twitter:card\" content=\"summary_large_image\" \/>\n<meta name=\"twitter:title\" content=\"Cookie policy - BIG Insurance Brokers\" \/>\n<meta name=\"twitter:description\" content=\"D\u00e9couvrez comment Big Brokers utilise les cookies pour am\u00e9liorer l\u2019exp\u00e9rience utilisateur et proposer des services personnalis\u00e9s.\" \/>\n<meta name=\"twitter:label1\" content=\"Dur\u00e9e de lecture estim\u00e9e\" \/>\n\t<meta name=\"twitter:data1\" content=\"4 minutes\" \/>\n<script type=\"application\/ld+json\" class=\"yoast-schema-graph\">{\"@context\":\"https:\/\/schema.org\",\"@graph\":[{\"@type\":\"WebPage\",\"@id\":\"https:\/\/www.big-brokers.ch\/it\/cookie-policy\/\",\"url\":\"https:\/\/www.big-brokers.ch\/it\/cookie-policy\/\",\"name\":\"Cookie policy - BIG Insurance Brokers\",\"isPartOf\":{\"@id\":\"https:\/\/big-brokers.ch\/fr\/#website\"},\"datePublished\":\"2024-05-15T10:03:45+00:00\",\"dateModified\":\"2025-07-01T12:32:31+00:00\",\"description\":\"D\u00e9couvrez comment Big Brokers utilise les cookies pour am\u00e9liorer l\u2019exp\u00e9rience utilisateur et proposer des services personnalis\u00e9s.\",\"breadcrumb\":{\"@id\":\"https:\/\/www.big-brokers.ch\/it\/cookie-policy\/#breadcrumb\"},\"inLanguage\":\"fr-FR\",\"potentialAction\":[{\"@type\":\"ReadAction\",\"target\":[\"https:\/\/www.big-brokers.ch\/it\/cookie-policy\/\"]}]},{\"@type\":\"BreadcrumbList\",\"@id\":\"https:\/\/www.big-brokers.ch\/it\/cookie-policy\/#breadcrumb\",\"itemListElement\":[{\"@type\":\"ListItem\",\"position\":1,\"name\":\"Home\",\"item\":\"https:\/\/www.big-brokers.ch\/fr\/\"},{\"@type\":\"ListItem\",\"position\":2,\"name\":\"Cookie policy\"}]},{\"@type\":\"WebSite\",\"@id\":\"https:\/\/big-brokers.ch\/fr\/#website\",\"url\":\"https:\/\/big-brokers.ch\/fr\/\",\"name\":\"BIG Insurance Brokers\",\"description\":\"we are your international brokers\",\"publisher\":{\"@id\":\"https:\/\/big-brokers.ch\/fr\/#organization\"},\"potentialAction\":[{\"@type\":\"SearchAction\",\"target\":{\"@type\":\"EntryPoint\",\"urlTemplate\":\"https:\/\/big-brokers.ch\/fr\/?s={search_term_string}\"},\"query-input\":{\"@type\":\"PropertyValueSpecification\",\"valueRequired\":true,\"valueName\":\"search_term_string\"}}],\"inLanguage\":\"fr-FR\"},{\"@type\":\"Organization\",\"@id\":\"https:\/\/big-brokers.ch\/fr\/#organization\",\"name\":\"BIG Insurance Brokers\",\"url\":\"https:\/\/big-brokers.ch\/fr\/\",\"logo\":{\"@type\":\"ImageObject\",\"inLanguage\":\"fr-FR\",\"@id\":\"https:\/\/big-brokers.ch\/fr\/#\/schema\/logo\/image\/\",\"url\":\"https:\/\/big-brokers.ch\/wp-content\/uploads\/2019\/08\/big-insurance-brokers-logo.png\",\"contentUrl\":\"https:\/\/big-brokers.ch\/wp-content\/uploads\/2019\/08\/big-insurance-brokers-logo.png\",\"width\":300,\"height\":143,\"caption\":\"BIG Insurance Brokers\"},\"image\":{\"@id\":\"https:\/\/big-brokers.ch\/fr\/#\/schema\/logo\/image\/\"}}]}<\/script>\n<!-- \/ Yoast SEO plugin. -->","yoast_head_json":{"title":"Cookie policy - BIG Insurance Brokers","description":"D\u00e9couvrez comment Big Brokers utilise les cookies pour am\u00e9liorer l\u2019exp\u00e9rience utilisateur et proposer des services personnalis\u00e9s.","robots":{"index":"index","follow":"follow","max-snippet":"max-snippet:-1","max-image-preview":"max-image-preview:large","max-video-preview":"max-video-preview:-1"},"canonical":"https:\/\/www.big-brokers.ch\/it\/cookie-policy\/","og_locale":"fr_FR","og_type":"article","og_title":"Cookie policy - BIG Insurance Brokers","og_description":"D\u00e9couvrez comment Big Brokers utilise les cookies pour am\u00e9liorer l\u2019exp\u00e9rience utilisateur et proposer des services personnalis\u00e9s.","og_url":"https:\/\/www.big-brokers.ch\/it\/cookie-policy\/","og_site_name":"BIG Insurance Brokers","article_modified_time":"2025-07-01T12:32:31+00:00","twitter_card":"summary_large_image","twitter_title":"Cookie policy - BIG Insurance Brokers","twitter_description":"D\u00e9couvrez comment Big Brokers utilise les cookies pour am\u00e9liorer l\u2019exp\u00e9rience utilisateur et proposer des services personnalis\u00e9s.","twitter_misc":{"Dur\u00e9e de lecture estim\u00e9e":"4 minutes"},"schema":{"@context":"https:\/\/schema.org","@graph":[{"@type":"WebPage","@id":"https:\/\/www.big-brokers.ch\/it\/cookie-policy\/","url":"https:\/\/www.big-brokers.ch\/it\/cookie-policy\/","name":"Cookie policy - BIG Insurance Brokers","isPartOf":{"@id":"https:\/\/big-brokers.ch\/fr\/#website"},"datePublished":"2024-05-15T10:03:45+00:00","dateModified":"2025-07-01T12:32:31+00:00","description":"D\u00e9couvrez comment Big Brokers utilise les cookies pour am\u00e9liorer l\u2019exp\u00e9rience utilisateur et proposer des services personnalis\u00e9s.","breadcrumb":{"@id":"https:\/\/www.big-brokers.ch\/it\/cookie-policy\/#breadcrumb"},"inLanguage":"fr-FR","potentialAction":[{"@type":"ReadAction","target":["https:\/\/www.big-brokers.ch\/it\/cookie-policy\/"]}]},{"@type":"BreadcrumbList","@id":"https:\/\/www.big-brokers.ch\/it\/cookie-policy\/#breadcrumb","itemListElement":[{"@type":"ListItem","position":1,"name":"Home","item":"https:\/\/www.big-brokers.ch\/fr\/"},{"@type":"ListItem","position":2,"name":"Cookie policy"}]},{"@type":"WebSite","@id":"https:\/\/big-brokers.ch\/fr\/#website","url":"https:\/\/big-brokers.ch\/fr\/","name":"BIG Insurance Brokers","description":"we are your international brokers","publisher":{"@id":"https:\/\/big-brokers.ch\/fr\/#organization"},"potentialAction":[{"@type":"SearchAction","target":{"@type":"EntryPoint","urlTemplate":"https:\/\/big-brokers.ch\/fr\/?s={search_term_string}"},"query-input":{"@type":"PropertyValueSpecification","valueRequired":true,"valueName":"search_term_string"}}],"inLanguage":"fr-FR"},{"@type":"Organization","@id":"https:\/\/big-brokers.ch\/fr\/#organization","name":"BIG Insurance Brokers","url":"https:\/\/big-brokers.ch\/fr\/","logo":{"@type":"ImageObject","inLanguage":"fr-FR","@id":"https:\/\/big-brokers.ch\/fr\/#\/schema\/logo\/image\/","url":"https:\/\/big-brokers.ch\/wp-content\/uploads\/2019\/08\/big-insurance-brokers-logo.png","contentUrl":"https:\/\/big-brokers.ch\/wp-content\/uploads\/2019\/08\/big-insurance-brokers-logo.png","width":300,"height":143,"caption":"BIG Insurance Brokers"},"image":{"@id":"https:\/\/big-brokers.ch\/fr\/#\/schema\/logo\/image\/"}}]}},"_links":{"self":[{"href":"https:\/\/www.big-brokers.ch\/fr\/wp-json\/wp\/v2\/pages\/5011","targetHints":{"allow":["GET"]}}],"collection":[{"href":"https:\/\/www.big-brokers.ch\/fr\/wp-json\/wp\/v2\/pages"}],"about":[{"href":"https:\/\/www.big-brokers.ch\/fr\/wp-json\/wp\/v2\/types\/page"}],"author":[{"embeddable":true,"href":"https:\/\/www.big-brokers.ch\/fr\/wp-json\/wp\/v2\/users\/3"}],"replies":[{"embeddable":true,"href":"https:\/\/www.big-brokers.ch\/fr\/wp-json\/wp\/v2\/comments?post=5011"}],"version-history":[{"count":3,"href":"https:\/\/www.big-brokers.ch\/fr\/wp-json\/wp\/v2\/pages\/5011\/revisions"}],"predecessor-version":[{"id":5014,"href":"https:\/\/www.big-brokers.ch\/fr\/wp-json\/wp\/v2\/pages\/5011\/revisions\/5014"}],"wp:attachment":[{"href":"https:\/\/www.big-brokers.ch\/fr\/wp-json\/wp\/v2\/media?parent=5011"}],"curies":[{"name":"wp","href":"https:\/\/api.w.org\/{rel}","templated":true}]}}