{"id":4588,"date":"2021-04-17T13:56:14","date_gmt":"2021-04-17T11:56:14","guid":{"rendered":"https:\/\/www.big-brokers.ch\/clientela-aziendale-swiss\/"},"modified":"2025-07-16T11:23:21","modified_gmt":"2025-07-16T09:23:21","slug":"clientela-aziendale-swiss","status":"publish","type":"page","link":"https:\/\/www.big-brokers.ch\/fr\/soluzioni-assicurazione-svizzera\/clientela-aziendale-swiss\/","title":{"rendered":"Client\u00e8le Entreprise"},"content":{"rendered":"<div class=\"wpb-content-wrapper\"><p>[vc_row type_row=&#8221;contact&#8221; el_class=&#8221;nopadding&#8221; css=&#8221;.vc_custom_1618651504266{margin-top: -200px !important;}&#8221;][vc_column wap_class=&#8221;wow fadeIn&#8221;][vc_row_inner][vc_column_inner][vc_custom_heading text=&#8221;Nous prot\u00e9geons votre travail et votre entreprise&#8221; font_container=&#8221;tag:h2|text_align:center|color:%23435185&#8243; css=&#8221;&#8221;][\/vc_column_inner][\/vc_row_inner][vc_separator align=&#8221;align_left&#8221; css=&#8221;.vc_custom_1618652508608{padding-top: 20px !important;padding-bottom: 20px !important;}&#8221;][vc_row_inner el_class=&#8221;row&#8221; css=&#8221;.vc_custom_1556493335412{padding-right: 5% !important;padding-left: 5% !important;}&#8221;][vc_column_inner width=&#8221;1\/3&#8243;][vc_custom_heading text=&#8221;Responsabilit\u00e9 professionnelle&#8221; font_container=&#8221;tag:h3|text_align:left|color:%23a5a5a5&#8243; css=&#8221;&#8221;][vc_single_image image=&#8221;4471&#8243; img_size=&#8221;full&#8221; alignment=&#8221;center&#8221; onclick=&#8221;custom_link&#8221; link=&#8221;mailto: gca@big-brokers.ch&#8221;][vc_column_text]Les meilleures solutions d&#8217;assurance adapt\u00e9es \u00e0 l&#8217;exercice de la profession et la protection contre tous les risques qui y sont li\u00e9s. Une protection compl\u00e8te.[\/vc_column_text][vc_btn title=&#8221;D\u00e9couvrez plus&#8221; style=&#8221;outline-custom&#8221; outline_custom_color=&#8221;#d66700&#8243; outline_custom_hover_background=&#8221;#435185&#8243; outline_custom_hover_text=&#8221;#ffffff&#8221; shape=&#8221;square&#8221; size=&#8221;lg&#8221; align=&#8221;center&#8221; button_block=&#8221;true&#8221; link=&#8221;url:https%3A%2F%2Fbig-brokers.ch%2Ffr%2Fdo-rc-professionali-e-tutela-legale%2F|title:D%C3%A9couvrez%20plus%20&#8243;][\/vc_column_inner][vc_column_inner width=&#8221;1\/3&#8243;][vc_custom_heading text=&#8221;Deuxi\u00e8me pilier, LPP&#8221; font_container=&#8221;tag:h3|text_align:left|color:%23a5a5a5&#8243; css=&#8221;&#8221;][vc_single_image image=&#8221;4474&#8243; img_size=&#8221;full&#8221; alignment=&#8221;center&#8221; onclick=&#8221;custom_link&#8221; link=&#8221;mailto: gca@big-brokers.ch&#8221;][vc_column_text]En combinaison avec le 1er pilier, il permet aux assur\u00e9s et \u00e0 leurs proches de maintenir leur niveau de vie pendant la vieillesse, en cas d&#8217;invalidit\u00e9 ou de d\u00e9c\u00e8s.[\/vc_column_text][vc_btn title=&#8221;Demande d&#8217;information&#8221; style=&#8221;outline-custom&#8221; outline_custom_color=&#8221;#d66700&#8243; outline_custom_hover_background=&#8221;#435185&#8243; outline_custom_hover_text=&#8221;#ffffff&#8221; shape=&#8221;square&#8221; size=&#8221;lg&#8221; align=&#8221;center&#8221; button_block=&#8221;true&#8221; link=&#8221;url:mailto%3Agca%40big-brokers.ch%20|title:Richiedi%20informazioni|target:_blank&#8221;][\/vc_column_inner][vc_column_inner width=&#8221;1\/3&#8243;][vc_custom_heading text=&#8221;Blessure de Lainf&#8221; font_container=&#8221;tag:h3|text_align:left|color:%23a5a5a5&#8243; css=&#8221;&#8221;][vc_single_image image=&#8221;4477&#8243; img_size=&#8221;full&#8221; alignment=&#8221;center&#8221; onclick=&#8221;custom_link&#8221; link=&#8221;mailto: gca@big-brokers.ch&#8221;][vc_column_text]Propositions d&#8217;assurance pour tous les risques, BIG offre la meilleure solution pour les personnes qui \u00e9tudient, sont au ch\u00f4mage ou \u00e0 la retraite.[\/vc_column_text][vc_btn title=&#8221;Demande d&#8217;information&#8221; style=&#8221;outline-custom&#8221; outline_custom_color=&#8221;#d66700&#8243; outline_custom_hover_background=&#8221;#435185&#8243; outline_custom_hover_text=&#8221;#ffffff&#8221; shape=&#8221;square&#8221; size=&#8221;lg&#8221; align=&#8221;center&#8221; button_block=&#8221;true&#8221; link=&#8221;url:mailto%3Agca%40big-brokers.ch%20|title:Richiedi%20informazioni|target:_blank&#8221;][\/vc_column_inner][\/vc_row_inner][vc_row_inner el_class=&#8221;row&#8221; css=&#8221;.vc_custom_1556493335412{padding-right: 5% !important;padding-left: 5% !important;}&#8221;][vc_column_inner width=&#8221;1\/3&#8243;][vc_custom_heading text=&#8221;Maladie collective&#8221; font_container=&#8221;tag:h3|text_align:left|color:%23a5a5a5&#8243; css=&#8221;&#8221;][vc_single_image image=&#8221;4480&#8243; img_size=&#8221;full&#8221; alignment=&#8221;center&#8221; onclick=&#8221;custom_link&#8221; link=&#8221;mailto: gca@big-brokers.ch&#8221;][vc_column_text]Couverture individuelle des frais m\u00e9dicaux en cas de maladie et d&#8217;accident. Pour minimiser les cons\u00e9quences financi\u00e8res pour l&#8217;employeur.[\/vc_column_text][vc_btn title=&#8221;Demande d&#8217;information&#8221; style=&#8221;outline-custom&#8221; outline_custom_color=&#8221;#d66700&#8243; outline_custom_hover_background=&#8221;#435185&#8243; outline_custom_hover_text=&#8221;#ffffff&#8221; shape=&#8221;square&#8221; size=&#8221;lg&#8221; align=&#8221;center&#8221; button_block=&#8221;true&#8221; link=&#8221;url:mailto%3Agca%40big-brokers.ch%20|title:Richiedi%20informazioni|target:_blank&#8221;][\/vc_column_inner][vc_column_inner width=&#8221;1\/3&#8243;][vc_custom_heading text=&#8221;Administrateurs et dirigeants, D&amp;O&#8221; font_container=&#8221;tag:h3|text_align:left|color:%23a5a5a5&#8243; css=&#8221;&#8221;][vc_single_image image=&#8221;4483&#8243; img_size=&#8221;full&#8221; alignment=&#8221;center&#8221; onclick=&#8221;custom_link&#8221; link=&#8221;mailto: gca@big-brokers.ch&#8221;][vc_column_text]Protection des dirigeants d&#8217;entreprise qui sont, de par la loi et dans le monde entier, personnellement et solidairement responsables des dommages caus\u00e9s aux tiers ou \u00e0 l&#8217;entreprise.[\/vc_column_text][vc_btn title=&#8221;D\u00e9couvrez plus&#8221; style=&#8221;outline-custom&#8221; outline_custom_color=&#8221;#d66700&#8243; outline_custom_hover_background=&#8221;#435185&#8243; outline_custom_hover_text=&#8221;#ffffff&#8221; shape=&#8221;square&#8221; size=&#8221;lg&#8221; align=&#8221;center&#8221; button_block=&#8221;true&#8221; link=&#8221;url:https%3A%2F%2Fbig-brokers.ch%2Ffr%2Fdo-rc-professionali-e-tutela-legale%2F|title:D%C3%A9couvrez%20plus%20&#8243;][\/vc_column_inner][vc_column_inner width=&#8221;1\/3&#8243;][vc_custom_heading text=&#8221;Homme cl\u00e9&#8221; font_container=&#8221;tag:h3|text_align:left|color:%23a5a5a5&#8243; css=&#8221;&#8221;][vc_single_image image=&#8221;4489&#8243; img_size=&#8221;full&#8221; alignment=&#8221;center&#8221; onclick=&#8221;custom_link&#8221; link=&#8221;mailto: gca@big-brokers.ch&#8221;][vc_column_text]Pour prot\u00e9ger l&#8217;entreprise contre la perte de l&#8217;homme-cl\u00e9, nous avons plusieurs solutions con\u00e7ues pour prot\u00e9ger les cabinets professionnels et les entreprises de tous types et de toutes tailles.[\/vc_column_text][vc_btn title=&#8221;D\u00e9couvrez plus&#8221; style=&#8221;outline-custom&#8221; outline_custom_color=&#8221;#d66700&#8243; outline_custom_hover_background=&#8221;#435185&#8243; outline_custom_hover_text=&#8221;#ffffff&#8221; shape=&#8221;square&#8221; size=&#8221;lg&#8221; align=&#8221;center&#8221; button_block=&#8221;true&#8221; link=&#8221;url:https%3A%2F%2Fbig-brokers.ch%2Ffr%2Ftcm-e-key-man-2%2F|title:D%C3%A9couvrez%20plus&#8221;][\/vc_column_inner][\/vc_row_inner][vc_row_inner el_class=&#8221;row&#8221; css=&#8221;.vc_custom_1556493335412{padding-right: 5% !important;padding-left: 5% !important;}&#8221;][vc_column_inner width=&#8221;1\/3&#8243;][vc_custom_heading text=&#8221;Cyber-risques&#8221; font_container=&#8221;tag:h3|text_align:left|color:%23a5a5a5&#8243; css=&#8221;&#8221;][vc_single_image image=&#8221;4486&#8243; img_size=&#8221;full&#8221; alignment=&#8221;center&#8221; onclick=&#8221;custom_link&#8221; link=&#8221;mailto: gca@big-brokers.ch&#8221;][vc_column_text]Le risque dans le domaine de la s\u00e9curit\u00e9 de l&#8217;information est aujourd&#8217;hui de plus en plus fr\u00e9quent et int\u00e9gr\u00e9 dans l&#8217;activit\u00e9 quotidienne. Des solutions id\u00e9ales pour les bureaux professionnels et les entreprises.[\/vc_column_text][vc_btn title=&#8221;Demande d&#8217;information&#8221; style=&#8221;outline-custom&#8221; outline_custom_color=&#8221;#d66700&#8243; outline_custom_hover_background=&#8221;#435185&#8243; outline_custom_hover_text=&#8221;#ffffff&#8221; shape=&#8221;square&#8221; size=&#8221;lg&#8221; align=&#8221;center&#8221; button_block=&#8221;true&#8221; link=&#8221;url:mailto%3Agca%40big-brokers.ch%20|title:Richiedi%20informazioni|target:_blank&#8221;][\/vc_column_inner][vc_column_inner width=&#8221;1\/3&#8243;][vc_custom_heading text=&#8221;Propri\u00e9t\u00e9s et contenu&#8221; font_container=&#8221;tag:h3|text_align:left|color:%23a5a5a5&#8243; css=&#8221;&#8221;][vc_single_image image=&#8221;4492&#8243; img_size=&#8221;full&#8221; alignment=&#8221;center&#8221; onclick=&#8221;custom_link&#8221; link=&#8221;mailto: gca@big-brokers.ch&#8221;][vc_column_text]Couverture des \u00e9tudes et des entreprises, des biens aux contenus, calibr\u00e9e aux besoins sp\u00e9cifiques des diff\u00e9rentes activit\u00e9s, pour prot\u00e9ger les actifs de toute demande d&#8217;indemnisation.[\/vc_column_text][vc_btn title=&#8221;Demande d&#8217;information&#8221; style=&#8221;outline-custom&#8221; outline_custom_color=&#8221;#d66700&#8243; outline_custom_hover_background=&#8221;#435185&#8243; outline_custom_hover_text=&#8221;#ffffff&#8221; shape=&#8221;square&#8221; size=&#8221;lg&#8221; align=&#8221;center&#8221; button_block=&#8221;true&#8221; link=&#8221;url:mailto%3Agca%40big-brokers.ch%20|title:Richiedi%20informazioni|target:_blank&#8221;][\/vc_column_inner][vc_column_inner width=&#8221;1\/3&#8243;][vc_custom_heading text=&#8221;Cr\u00e9dits&#8221; font_container=&#8221;tag:h3|text_align:left|color:%23a5a5a5&#8243; css=&#8221;&#8221;][vc_single_image image=&#8221;4495&#8243; img_size=&#8221;full&#8221; alignment=&#8221;center&#8221; onclick=&#8221;custom_link&#8221; link=&#8221;mailto: gca@big-brokers.ch&#8221;][vc_column_text]La solidit\u00e9 de l&#8217;entreprise passe \u00e9galement par la protection des cr\u00e9ances commerciales et une plus grande s\u00e9curit\u00e9 des b\u00e9n\u00e9fices et des flux de tr\u00e9sorerie.[\/vc_column_text][vc_btn title=&#8221;Demande d&#8217;information&#8221; style=&#8221;outline-custom&#8221; outline_custom_color=&#8221;#d66700&#8243; outline_custom_hover_background=&#8221;#435185&#8243; outline_custom_hover_text=&#8221;#ffffff&#8221; shape=&#8221;square&#8221; size=&#8221;lg&#8221; align=&#8221;center&#8221; button_block=&#8221;true&#8221; link=&#8221;url:mailto%3Agca%40big-brokers.ch%20|title:Richiedi%20informazioni|target:_blank&#8221;][\/vc_column_inner][\/vc_row_inner][vc_row_inner el_class=&#8221;row&#8221; css=&#8221;.vc_custom_1556493335412{padding-right: 5% !important;padding-left: 5% !important;}&#8221;][vc_column_inner width=&#8221;1\/3&#8243;][vc_custom_heading text=&#8221;Transport&#8221; font_container=&#8221;tag:h3|text_align:left|color:%23a5a5a5&#8243; css=&#8221;&#8221;][vc_single_image image=&#8221;4498&#8243; img_size=&#8221;full&#8221; alignment=&#8221;center&#8221; onclick=&#8221;custom_link&#8221; link=&#8221;mailto: gca@big-brokers.ch&#8221;][vc_column_text]Des solutions d&#8217;assurance pour prot\u00e9ger de mani\u00e8re optimale les produits du lieu de d\u00e9part au lieu de destination.[\/vc_column_text][vc_btn title=&#8221;Demande d&#8217;information&#8221; style=&#8221;outline-custom&#8221; outline_custom_color=&#8221;#d66700&#8243; outline_custom_hover_background=&#8221;#435185&#8243; outline_custom_hover_text=&#8221;#ffffff&#8221; shape=&#8221;square&#8221; size=&#8221;lg&#8221; align=&#8221;center&#8221; button_block=&#8221;true&#8221; link=&#8221;url:mailto%3Agca%40big-brokers.ch%20|title:Richiedi%20informazioni|target:_blank&#8221;][\/vc_column_inner][vc_column_inner width=&#8221;1\/3&#8243;][vc_custom_heading text=&#8221;V\u00e9hicules de soci\u00e9t\u00e9&#8221; font_container=&#8221;tag:h3|text_align:left|color:%23a5a5a5&#8243; css=&#8221;&#8221;][vc_single_image image=&#8221;4504&#8243; img_size=&#8221;full&#8221; alignment=&#8221;center&#8221; onclick=&#8221;custom_link&#8221; link=&#8221;mailto: gca@big-brokers.ch&#8221;][vc_column_text]Des couvertures pour studios et entreprises, de la propri\u00e9t\u00e9 au contenu, adapt\u00e9es aux besoins sp\u00e9cifiques des diff\u00e9rentes activit\u00e9s.[\/vc_column_text][vc_btn title=&#8221;Demande d&#8217;information&#8221; style=&#8221;outline-custom&#8221; outline_custom_color=&#8221;#d66700&#8243; outline_custom_hover_background=&#8221;#435185&#8243; outline_custom_hover_text=&#8221;#ffffff&#8221; shape=&#8221;square&#8221; size=&#8221;lg&#8221; align=&#8221;center&#8221; button_block=&#8221;true&#8221; link=&#8221;url:mailto%3Agca%40big-brokers.ch%20|title:Richiedi%20informazioni|target:_blank&#8221;][\/vc_column_inner][vc_column_inner width=&#8221;1\/3&#8243;][\/vc_column_inner][\/vc_row_inner][\/vc_column][\/vc_row]<\/p>\n<\/div>","protected":false},"excerpt":{"rendered":"<p>[vc_row type_row=&#8221;contact&#8221; el_class=&#8221;nopadding&#8221; css=&#8221;.vc_custom_1618651504266{margin-top: -200px !important;}&#8221;][vc_column wap_class=&#8221;wow fadeIn&#8221;][vc_row_inner][vc_column_inner][vc_custom_heading text=&#8221;Nous prot\u00e9geons votre travail et votre entreprise&#8221; font_container=&#8221;tag:h2|text_align:center|color:%23435185&#8243; css=&#8221;&#8221;][\/vc_column_inner][\/vc_row_inner][vc_separator align=&#8221;align_left&#8221; css=&#8221;.vc_custom_1618652508608{padding-top: 20px !important;padding-bottom: 20px !important;}&#8221;][vc_row_inner el_class=&#8221;row&#8221; css=&#8221;.vc_custom_1556493335412{padding-right: 5% !important;padding-left: 5% !important;}&#8221;][vc_column_inner width=&#8221;1\/3&#8243;][vc_custom_heading text=&#8221;Responsabilit\u00e9 professionnelle&#8221; font_container=&#8221;tag:h3|text_align:left|color:%23a5a5a5&#8243; css=&#8221;&#8221;][vc_single_image image=&#8221;4471&#8243; img_size=&#8221;full&#8221; alignment=&#8221;center&#8221; onclick=&#8221;custom_link&#8221; link=&#8221;mailto: gca@big-brokers.ch&#8221;][vc_column_text]Les meilleures solutions d&#8217;assurance adapt\u00e9es \u00e0 l&#8217;exercice de la profession et la protection contre tous les [&hellip;]<\/p>\n","protected":false},"author":3,"featured_media":0,"parent":4657,"menu_order":0,"comment_status":"closed","ping_status":"closed","template":"page-templates\/other-page.php","meta":{"footnotes":""},"class_list":["post-4588","page","type-page","status-publish","hentry"],"yoast_head":"<!-- This site is optimized with the Yoast SEO plugin v25.3.1 - https:\/\/yoast.com\/wordpress\/plugins\/seo\/ -->\n<title>Client\u00e8le Entreprise - BIG Insurance Brokers<\/title>\n<meta name=\"description\" content=\"Solutions d&#039;assurance pour les entreprises suisses : couverture compl\u00e8te pour les voitures, les biens, la responsabilit\u00e9 civile et les personnes avec BIG Brokers.\" \/>\n<meta name=\"robots\" content=\"index, follow, max-snippet:-1, max-image-preview:large, max-video-preview:-1\" \/>\n<link rel=\"canonical\" href=\"https:\/\/www.big-brokers.ch\/fr\/soluzioni-assicurazione-svizzera\/clientela-aziendale-swiss\/\" \/>\n<meta property=\"og:locale\" content=\"fr_FR\" \/>\n<meta property=\"og:type\" content=\"article\" \/>\n<meta property=\"og:title\" content=\"Client\u00e8le Entreprise - BIG Insurance Brokers\" \/>\n<meta property=\"og:description\" content=\"Solutions d&#039;assurance pour les entreprises suisses : couverture compl\u00e8te pour les voitures, les biens, la responsabilit\u00e9 civile et les personnes avec BIG Brokers.\" \/>\n<meta property=\"og:url\" content=\"https:\/\/www.big-brokers.ch\/fr\/soluzioni-assicurazione-svizzera\/clientela-aziendale-swiss\/\" \/>\n<meta property=\"og:site_name\" content=\"BIG Insurance Brokers\" \/>\n<meta property=\"article:modified_time\" content=\"2025-07-16T09:23:21+00:00\" \/>\n<meta name=\"twitter:card\" content=\"summary_large_image\" \/>\n<meta name=\"twitter:label1\" content=\"Dur\u00e9e de lecture estim\u00e9e\" \/>\n\t<meta name=\"twitter:data1\" content=\"3 minutes\" \/>\n<script type=\"application\/ld+json\" class=\"yoast-schema-graph\">{\"@context\":\"https:\/\/schema.org\",\"@graph\":[{\"@type\":\"WebPage\",\"@id\":\"https:\/\/www.big-brokers.ch\/fr\/soluzioni-assicurazione-svizzera\/clientela-aziendale-swiss\/\",\"url\":\"https:\/\/www.big-brokers.ch\/fr\/soluzioni-assicurazione-svizzera\/clientela-aziendale-swiss\/\",\"name\":\"Client\u00e8le Entreprise - BIG Insurance Brokers\",\"isPartOf\":{\"@id\":\"https:\/\/www.big-brokers.ch\/fr\/#website\"},\"datePublished\":\"2021-04-17T11:56:14+00:00\",\"dateModified\":\"2025-07-16T09:23:21+00:00\",\"description\":\"Solutions d'assurance pour les entreprises suisses : couverture compl\u00e8te pour les voitures, les biens, la responsabilit\u00e9 civile et les personnes avec BIG Brokers.\",\"breadcrumb\":{\"@id\":\"https:\/\/www.big-brokers.ch\/fr\/soluzioni-assicurazione-svizzera\/clientela-aziendale-swiss\/#breadcrumb\"},\"inLanguage\":\"fr-FR\",\"potentialAction\":[{\"@type\":\"ReadAction\",\"target\":[\"https:\/\/www.big-brokers.ch\/fr\/soluzioni-assicurazione-svizzera\/clientela-aziendale-swiss\/\"]}]},{\"@type\":\"BreadcrumbList\",\"@id\":\"https:\/\/www.big-brokers.ch\/fr\/soluzioni-assicurazione-svizzera\/clientela-aziendale-swiss\/#breadcrumb\",\"itemListElement\":[{\"@type\":\"ListItem\",\"position\":1,\"name\":\"Home\",\"item\":\"https:\/\/www.big-brokers.ch\/fr\/\"},{\"@type\":\"ListItem\",\"position\":2,\"name\":\"Solutions d&#8217;assurance Suisses\",\"item\":\"https:\/\/www.big-brokers.ch\/fr\/soluzioni-assicurazione-svizzera\/\"},{\"@type\":\"ListItem\",\"position\":3,\"name\":\"Client\u00e8le Entreprise\"}]},{\"@type\":\"WebSite\",\"@id\":\"https:\/\/www.big-brokers.ch\/fr\/#website\",\"url\":\"https:\/\/www.big-brokers.ch\/fr\/\",\"name\":\"BIG Insurance Brokers\",\"description\":\"we are your international brokers\",\"publisher\":{\"@id\":\"https:\/\/www.big-brokers.ch\/fr\/#organization\"},\"potentialAction\":[{\"@type\":\"SearchAction\",\"target\":{\"@type\":\"EntryPoint\",\"urlTemplate\":\"https:\/\/www.big-brokers.ch\/fr\/?s={search_term_string}\"},\"query-input\":{\"@type\":\"PropertyValueSpecification\",\"valueRequired\":true,\"valueName\":\"search_term_string\"}}],\"inLanguage\":\"fr-FR\"},{\"@type\":\"Organization\",\"@id\":\"https:\/\/www.big-brokers.ch\/fr\/#organization\",\"name\":\"BIG Insurance Brokers\",\"url\":\"https:\/\/www.big-brokers.ch\/fr\/\",\"logo\":{\"@type\":\"ImageObject\",\"inLanguage\":\"fr-FR\",\"@id\":\"https:\/\/www.big-brokers.ch\/fr\/#\/schema\/logo\/image\/\",\"url\":\"https:\/\/big-brokers.ch\/wp-content\/uploads\/2019\/08\/big-insurance-brokers-logo.png\",\"contentUrl\":\"https:\/\/big-brokers.ch\/wp-content\/uploads\/2019\/08\/big-insurance-brokers-logo.png\",\"width\":300,\"height\":143,\"caption\":\"BIG Insurance Brokers\"},\"image\":{\"@id\":\"https:\/\/www.big-brokers.ch\/fr\/#\/schema\/logo\/image\/\"}}]}<\/script>\n<!-- \/ Yoast SEO plugin. -->","yoast_head_json":{"title":"Client\u00e8le Entreprise - BIG Insurance Brokers","description":"Solutions d'assurance pour les entreprises suisses : couverture compl\u00e8te pour les voitures, les biens, la responsabilit\u00e9 civile et les personnes avec BIG Brokers.","robots":{"index":"index","follow":"follow","max-snippet":"max-snippet:-1","max-image-preview":"max-image-preview:large","max-video-preview":"max-video-preview:-1"},"canonical":"https:\/\/www.big-brokers.ch\/fr\/soluzioni-assicurazione-svizzera\/clientela-aziendale-swiss\/","og_locale":"fr_FR","og_type":"article","og_title":"Client\u00e8le Entreprise - BIG Insurance Brokers","og_description":"Solutions d'assurance pour les entreprises suisses : couverture compl\u00e8te pour les voitures, les biens, la responsabilit\u00e9 civile et les personnes avec BIG Brokers.","og_url":"https:\/\/www.big-brokers.ch\/fr\/soluzioni-assicurazione-svizzera\/clientela-aziendale-swiss\/","og_site_name":"BIG Insurance Brokers","article_modified_time":"2025-07-16T09:23:21+00:00","twitter_card":"summary_large_image","twitter_misc":{"Dur\u00e9e de lecture estim\u00e9e":"3 minutes"},"schema":{"@context":"https:\/\/schema.org","@graph":[{"@type":"WebPage","@id":"https:\/\/www.big-brokers.ch\/fr\/soluzioni-assicurazione-svizzera\/clientela-aziendale-swiss\/","url":"https:\/\/www.big-brokers.ch\/fr\/soluzioni-assicurazione-svizzera\/clientela-aziendale-swiss\/","name":"Client\u00e8le Entreprise - BIG Insurance Brokers","isPartOf":{"@id":"https:\/\/www.big-brokers.ch\/fr\/#website"},"datePublished":"2021-04-17T11:56:14+00:00","dateModified":"2025-07-16T09:23:21+00:00","description":"Solutions d'assurance pour les entreprises suisses : couverture compl\u00e8te pour les voitures, les biens, la responsabilit\u00e9 civile et les personnes avec BIG Brokers.","breadcrumb":{"@id":"https:\/\/www.big-brokers.ch\/fr\/soluzioni-assicurazione-svizzera\/clientela-aziendale-swiss\/#breadcrumb"},"inLanguage":"fr-FR","potentialAction":[{"@type":"ReadAction","target":["https:\/\/www.big-brokers.ch\/fr\/soluzioni-assicurazione-svizzera\/clientela-aziendale-swiss\/"]}]},{"@type":"BreadcrumbList","@id":"https:\/\/www.big-brokers.ch\/fr\/soluzioni-assicurazione-svizzera\/clientela-aziendale-swiss\/#breadcrumb","itemListElement":[{"@type":"ListItem","position":1,"name":"Home","item":"https:\/\/www.big-brokers.ch\/fr\/"},{"@type":"ListItem","position":2,"name":"Solutions d&#8217;assurance Suisses","item":"https:\/\/www.big-brokers.ch\/fr\/soluzioni-assicurazione-svizzera\/"},{"@type":"ListItem","position":3,"name":"Client\u00e8le Entreprise"}]},{"@type":"WebSite","@id":"https:\/\/www.big-brokers.ch\/fr\/#website","url":"https:\/\/www.big-brokers.ch\/fr\/","name":"BIG Insurance Brokers","description":"we are your international brokers","publisher":{"@id":"https:\/\/www.big-brokers.ch\/fr\/#organization"},"potentialAction":[{"@type":"SearchAction","target":{"@type":"EntryPoint","urlTemplate":"https:\/\/www.big-brokers.ch\/fr\/?s={search_term_string}"},"query-input":{"@type":"PropertyValueSpecification","valueRequired":true,"valueName":"search_term_string"}}],"inLanguage":"fr-FR"},{"@type":"Organization","@id":"https:\/\/www.big-brokers.ch\/fr\/#organization","name":"BIG Insurance Brokers","url":"https:\/\/www.big-brokers.ch\/fr\/","logo":{"@type":"ImageObject","inLanguage":"fr-FR","@id":"https:\/\/www.big-brokers.ch\/fr\/#\/schema\/logo\/image\/","url":"https:\/\/big-brokers.ch\/wp-content\/uploads\/2019\/08\/big-insurance-brokers-logo.png","contentUrl":"https:\/\/big-brokers.ch\/wp-content\/uploads\/2019\/08\/big-insurance-brokers-logo.png","width":300,"height":143,"caption":"BIG Insurance Brokers"},"image":{"@id":"https:\/\/www.big-brokers.ch\/fr\/#\/schema\/logo\/image\/"}}]}},"_links":{"self":[{"href":"https:\/\/www.big-brokers.ch\/fr\/wp-json\/wp\/v2\/pages\/4588","targetHints":{"allow":["GET"]}}],"collection":[{"href":"https:\/\/www.big-brokers.ch\/fr\/wp-json\/wp\/v2\/pages"}],"about":[{"href":"https:\/\/www.big-brokers.ch\/fr\/wp-json\/wp\/v2\/types\/page"}],"author":[{"embeddable":true,"href":"https:\/\/www.big-brokers.ch\/fr\/wp-json\/wp\/v2\/users\/3"}],"replies":[{"embeddable":true,"href":"https:\/\/www.big-brokers.ch\/fr\/wp-json\/wp\/v2\/comments?post=4588"}],"version-history":[{"count":11,"href":"https:\/\/www.big-brokers.ch\/fr\/wp-json\/wp\/v2\/pages\/4588\/revisions"}],"predecessor-version":[{"id":5184,"href":"https:\/\/www.big-brokers.ch\/fr\/wp-json\/wp\/v2\/pages\/4588\/revisions\/5184"}],"up":[{"embeddable":true,"href":"https:\/\/www.big-brokers.ch\/fr\/wp-json\/wp\/v2\/pages\/4657"}],"wp:attachment":[{"href":"https:\/\/www.big-brokers.ch\/fr\/wp-json\/wp\/v2\/media?parent=4588"}],"curies":[{"name":"wp","href":"https:\/\/api.w.org\/{rel}","templated":true}]}}