{"id":4581,"date":"2021-04-17T14:37:22","date_gmt":"2021-04-17T12:37:22","guid":{"rendered":"https:\/\/www.big-brokers.ch\/clientela-aziendale-europa\/"},"modified":"2025-07-03T16:45:27","modified_gmt":"2025-07-03T14:45:27","slug":"clientela-aziendale-europa","status":"publish","type":"page","link":"https:\/\/www.big-brokers.ch\/fr\/soluzioni-assicurative-europa\/clientela-aziendale-europa\/","title":{"rendered":"Client\u00e8le Entreprises Europ\u00e9enne"},"content":{"rendered":"<div class=\"wpb-content-wrapper\"><p>[vc_row type_row=&#8221;contact&#8221; el_class=&#8221;nopadding&#8221; css=&#8221;.vc_custom_1618651504266{margin-top: -200px !important;}&#8221;][vc_column wap_class=&#8221;wow fadeIn&#8221;][vc_row_inner content_placement=&#8221;middle&#8221; el_class=&#8221;row&#8221; css=&#8221;.vc_custom_1646648777472{padding-right: 5% !important;padding-left: 5% !important;}&#8221;][vc_column_inner width=&#8221;2\/3&#8243;][vc_custom_heading text=&#8221;Nous prot\u00e9geons votre travail et votre entreprise&#8221; font_container=&#8221;tag:h2|text_align:left|color:%23435185&#8243; css=&#8221;&#8221;][\/vc_column_inner][vc_column_inner width=&#8221;1\/3&#8243;][vc_single_image image=&#8221;4913&#8243; img_size=&#8221;medium&#8221; css_animation=&#8221;bounceIn&#8221;][vc_column_text]Nous sommes le principal distributeur \u00e0 Monaco en termes de fiabilit\u00e9, d&#8217;expertise et d\u2019exp\u00e9rience.\u00a0Sp\u00e9cialiste de l\u2019assurance-vie priv\u00e9e, la pr\u00e9voyance, l\u2019assurance emprunteur et les couvertures sant\u00e9 internationales.[\/vc_column_text][\/vc_column_inner][\/vc_row_inner][vc_row_inner][vc_column_inner][\/vc_column_inner][\/vc_row_inner][vc_separator align=&#8221;align_left&#8221; css=&#8221;.vc_custom_1618652508608{padding-top: 20px !important;padding-bottom: 20px !important;}&#8221;][vc_row_inner el_class=&#8221;row&#8221; css=&#8221;.vc_custom_1556493335412{padding-right: 5% !important;padding-left: 5% !important;}&#8221;][vc_column_inner width=&#8221;1\/3&#8243;][vc_custom_heading text=&#8221;Assurance-D\u00e9c\u00e8s&#8221; font_container=&#8221;tag:h3|text_align:left|color:%23a5a5a5&#8243; css=&#8221;&#8221;][vc_single_image image=&#8221;4526&#8243; img_size=&#8221;full&#8221; alignment=&#8221;center&#8221; onclick=&#8221;custom_link&#8221; link=&#8221;mailto: gca@big-brokers.ch&#8221;][vc_column_text]Une couverture d&#8217;assurance qui pr\u00e9voit le versement d&#8217;une somme forfaitaire en cas de d\u00e9c\u00e8s de l&#8217;assur\u00e9 pour quelque cause que ce soit.[\/vc_column_text][vc_btn title=&#8221;D\u00e9couvrez plus&#8221; style=&#8221;outline-custom&#8221; outline_custom_color=&#8221;#d66700&#8243; outline_custom_hover_background=&#8221;#435185&#8243; outline_custom_hover_text=&#8221;#ffffff&#8221; shape=&#8221;square&#8221; size=&#8221;lg&#8221; align=&#8221;center&#8221; button_block=&#8221;true&#8221; link=&#8221;url:https%3A%2F%2Fbig-brokers.ch%2Ffr%2Ftcm-e-key-man-2%2F|title:D%C3%A9couvrez%20plus&#8221;][\/vc_column_inner][vc_column_inner width=&#8221;1\/3&#8243;][vc_custom_heading text=&#8221;Key-Man&#8221; font_container=&#8221;tag:h3|text_align:left|color:%23a5a5a5&#8243; css=&#8221;&#8221;][vc_single_image image=&#8221;4489&#8243; img_size=&#8221;full&#8221; alignment=&#8221;center&#8221; onclick=&#8221;custom_link&#8221; link=&#8221;mailto: gca@big-brokers.ch&#8221;][vc_column_text]Produit d&#8217;assurance d\u00e9di\u00e9 aux entreprises pour prot\u00e9ger leur entreprise du risque de perdre des ressources cl\u00e9s.[\/vc_column_text][vc_btn title=&#8221;D\u00e9couvrez plus&#8221; style=&#8221;outline-custom&#8221; outline_custom_color=&#8221;#d66700&#8243; outline_custom_hover_background=&#8221;#435185&#8243; outline_custom_hover_text=&#8221;#ffffff&#8221; shape=&#8221;square&#8221; size=&#8221;lg&#8221; align=&#8221;center&#8221; button_block=&#8221;true&#8221; link=&#8221;url:https%3A%2F%2Fbig-brokers.ch%2Ffr%2Ftcm-e-key-man-2%2F|title:D%C3%A9couvrez%20plus&#8221;][\/vc_column_inner][vc_column_inner width=&#8221;1\/3&#8243;][vc_custom_heading text=&#8221;Protection Juridique&#8221; font_container=&#8221;tag:h3|text_align:left|color:%23a5a5a5&#8243; css=&#8221;&#8221;][vc_single_image image=&#8221;4523&#8243; img_size=&#8221;full&#8221; alignment=&#8221;center&#8221; onclick=&#8221;custom_link&#8221; link=&#8221;mailto: gca@big-brokers.ch&#8221;][vc_column_text]La politique qui assure les int\u00e9r\u00eats d&#8217;une personne ou d&#8217;une entreprise contre divers \u00e9v\u00e9nements de la vie professionnelle.[\/vc_column_text][vc_btn title=&#8221;D\u00e9couvrez plus&#8221; style=&#8221;outline-custom&#8221; outline_custom_color=&#8221;#d66700&#8243; outline_custom_hover_background=&#8221;#435185&#8243; outline_custom_hover_text=&#8221;#ffffff&#8221; shape=&#8221;square&#8221; size=&#8221;lg&#8221; align=&#8221;center&#8221; button_block=&#8221;true&#8221; link=&#8221;url:https%3A%2F%2Fbig-brokers.ch%2Ffr%2Fdo-rc-professionali-e-tutela-legale%2F|title:D%C3%A9couvrez%20plus&#8221;][\/vc_column_inner][\/vc_row_inner][vc_row_inner el_class=&#8221;row&#8221; css=&#8221;.vc_custom_1556493335412{padding-right: 5% !important;padding-left: 5% !important;}&#8221;][vc_column_inner width=&#8221;1\/3&#8243;][vc_custom_heading text=&#8221;RC Professionnelle&#8221; font_container=&#8221;tag:h3|text_align:left|color:%23a5a5a5&#8243; css=&#8221;&#8221;][vc_single_image image=&#8221;4471&#8243; img_size=&#8221;full&#8221; alignment=&#8221;center&#8221; onclick=&#8221;custom_link&#8221; link=&#8221;mailto: gca@big-brokers.ch&#8221;][vc_column_text]Solutions d&#8217;assurance con\u00e7ues sur mesure pour l&#8217;exercice de la profession et protection contre les risques y aff\u00e9rents.[\/vc_column_text][vc_btn title=&#8221;D\u00e9couvrez plus&#8221; style=&#8221;outline-custom&#8221; outline_custom_color=&#8221;#d66700&#8243; outline_custom_hover_background=&#8221;#435185&#8243; outline_custom_hover_text=&#8221;#ffffff&#8221; shape=&#8221;square&#8221; size=&#8221;lg&#8221; align=&#8221;center&#8221; button_block=&#8221;true&#8221; link=&#8221;url:https%3A%2F%2Fbig-brokers.ch%2Ffr%2Fdo-rc-professionali-e-tutela-legale%2F|title:D%C3%A9couvrez%20plus&#8221;][\/vc_column_inner][vc_column_inner width=&#8221;1\/3&#8243;][vc_custom_heading text=&#8221;Multirisques&#8221; font_container=&#8221;tag:h3|text_align:left|color:%23a5a5a5&#8243; css=&#8221;&#8221;][vc_single_image image=&#8221;4520&#8243; img_size=&#8221;full&#8221; alignment=&#8221;center&#8221; onclick=&#8221;custom_link&#8221; link=&#8221;mailto: gca@big-brokers.ch&#8221;][vc_column_text]Couverture pour prot\u00e9ger les actifs de l&#8217;entreprise contre les dommages directs et les interruptions d&#8217;activit\u00e9 qui en d\u00e9coulent.[\/vc_column_text][vc_btn title=&#8221;Demande d&#8217;information&#8221; style=&#8221;outline-custom&#8221; outline_custom_color=&#8221;#d66700&#8243; outline_custom_hover_background=&#8221;#435185&#8243; outline_custom_hover_text=&#8221;#ffffff&#8221; shape=&#8221;square&#8221; size=&#8221;lg&#8221; align=&#8221;center&#8221; button_block=&#8221;true&#8221; link=&#8221;url:mailto%3Ajb%40big-brokers.mc|title:Demande%20d&#8217;information|target:_blank&#8221;][\/vc_column_inner][vc_column_inner width=&#8221;1\/3&#8243;][vc_custom_heading text=&#8221;Cyber-Risks&#8221; font_container=&#8221;tag:h3|text_align:left|color:%23a5a5a5&#8243; css=&#8221;&#8221;][vc_single_image image=&#8221;4486&#8243; img_size=&#8221;full&#8221; alignment=&#8221;center&#8221; onclick=&#8221;custom_link&#8221; link=&#8221;mailto: gca@big-brokers.ch&#8221;][vc_column_text]Le risque commercial, \u00e9galement dans le domaine de la s\u00e9curit\u00e9 informatique, est d\u00e9sormais de plus en plus important et int\u00e9gr\u00e9 dans les activit\u00e9s quotidiennes. Des solutions con\u00e7ues pour les entreprises professionnelles et les entreprises de tous types et de toutes tailles.[\/vc_column_text][vc_btn title=&#8221;Demande d&#8217;information&#8221; style=&#8221;outline-custom&#8221; outline_custom_color=&#8221;#d66700&#8243; outline_custom_hover_background=&#8221;#435185&#8243; outline_custom_hover_text=&#8221;#ffffff&#8221; shape=&#8221;square&#8221; size=&#8221;lg&#8221; align=&#8221;center&#8221; button_block=&#8221;true&#8221; link=&#8221;url:mailto%3Ajb%40big-brokers.mc|title:Demande%20d&#8217;information|target:_blank&#8221;][\/vc_column_inner][\/vc_row_inner][vc_row_inner el_class=&#8221;row&#8221; css=&#8221;.vc_custom_1556493335412{padding-right: 5% !important;padding-left: 5% !important;}&#8221;][vc_column_inner width=&#8221;1\/3&#8243;][vc_custom_heading text=&#8221;D&#038;O Directors &#038; Officers&#8221; font_container=&#8221;tag:h3|text_align:left|color:%23a5a5a5&#8243; css=&#8221;&#8221;][vc_single_image image=&#8221;4483&#8243; img_size=&#8221;full&#8221; alignment=&#8221;center&#8221; onclick=&#8221;custom_link&#8221; link=&#8221;mailto: gca@big-brokers.ch&#8221;][vc_column_text]Politique des risques pour la protection des dirigeants d&#8217;entreprise qui sont, de par la loi et partout dans le monde, personnellement et solidairement responsables, avec leurs propres actifs, des dommages caus\u00e9s \u00e0 des tiers ou \u00e0 l&#8217;entreprise concernant l&#8217;activit\u00e9 d\u00e9cisionnelle exerc\u00e9e pour le compte de le m\u00eame.[\/vc_column_text][vc_btn title=&#8221;D\u00e9couvrez plus&#8221; style=&#8221;outline-custom&#8221; outline_custom_color=&#8221;#d66700&#8243; outline_custom_hover_background=&#8221;#435185&#8243; outline_custom_hover_text=&#8221;#ffffff&#8221; shape=&#8221;square&#8221; size=&#8221;lg&#8221; align=&#8221;center&#8221; button_block=&#8221;true&#8221; link=&#8221;url:https%3A%2F%2Fbig-brokers.ch%2Ffr%2Fdo-rc-professionali-e-tutela-legale%2F|title:D%C3%A9couvrez%20plus&#8221;][\/vc_column_inner][vc_column_inner width=&#8221;1\/3&#8243;][\/vc_column_inner][vc_column_inner width=&#8221;1\/3&#8243;][\/vc_column_inner][\/vc_row_inner][\/vc_column][\/vc_row]<\/p>\n<\/div>","protected":false},"excerpt":{"rendered":"<p>[vc_row type_row=&#8221;contact&#8221; el_class=&#8221;nopadding&#8221; css=&#8221;.vc_custom_1618651504266{margin-top: -200px !important;}&#8221;][vc_column wap_class=&#8221;wow fadeIn&#8221;][vc_row_inner content_placement=&#8221;middle&#8221; el_class=&#8221;row&#8221; css=&#8221;.vc_custom_1646648777472{padding-right: 5% !important;padding-left: 5% !important;}&#8221;][vc_column_inner width=&#8221;2\/3&#8243;][vc_custom_heading text=&#8221;Nous prot\u00e9geons votre travail et votre entreprise&#8221; font_container=&#8221;tag:h2|text_align:left|color:%23435185&#8243; css=&#8221;&#8221;][\/vc_column_inner][vc_column_inner width=&#8221;1\/3&#8243;][vc_single_image image=&#8221;4913&#8243; img_size=&#8221;medium&#8221; css_animation=&#8221;bounceIn&#8221;][vc_column_text]Nous sommes le principal distributeur \u00e0 Monaco en termes de fiabilit\u00e9, d&#8217;expertise et d\u2019exp\u00e9rience.\u00a0Sp\u00e9cialiste de l\u2019assurance-vie priv\u00e9e, la pr\u00e9voyance, l\u2019assurance emprunteur et les couvertures sant\u00e9 internationales.[\/vc_column_text][\/vc_column_inner][\/vc_row_inner][vc_row_inner][vc_column_inner][\/vc_column_inner][\/vc_row_inner][vc_separator align=&#8221;align_left&#8221; [&hellip;]<\/p>\n","protected":false},"author":3,"featured_media":0,"parent":4693,"menu_order":0,"comment_status":"closed","ping_status":"closed","template":"page-templates\/other-page.php","meta":{"footnotes":""},"class_list":["post-4581","page","type-page","status-publish","hentry"],"yoast_head":"<!-- This site is optimized with the Yoast SEO plugin v25.3.1 - https:\/\/yoast.com\/wordpress\/plugins\/seo\/ -->\n<title>Client\u00e8le Entreprises Europ\u00e9enne - BIG Insurance Brokers<\/title>\n<meta name=\"description\" content=\"Services d\u2019assurance pour entreprises en Europe. Des solutions sur mesure pour prot\u00e9ger activit\u00e9s, employ\u00e9s et patrimoines \u00e0 l\u2019international.\" \/>\n<meta name=\"robots\" content=\"index, follow, max-snippet:-1, max-image-preview:large, max-video-preview:-1\" \/>\n<link rel=\"canonical\" href=\"https:\/\/big-brokers.ch\/fr\/soluzioni-assicurative-europa\/clientela-aziendale-europa\/\" \/>\n<meta property=\"og:locale\" content=\"fr_FR\" \/>\n<meta property=\"og:type\" content=\"article\" \/>\n<meta property=\"og:title\" content=\"Client\u00e8le Entreprises Europ\u00e9enne - BIG Insurance Brokers\" \/>\n<meta property=\"og:description\" content=\"Services d\u2019assurance pour entreprises en Europe. Des solutions sur mesure pour prot\u00e9ger activit\u00e9s, employ\u00e9s et patrimoines \u00e0 l\u2019international.\" \/>\n<meta property=\"og:url\" content=\"https:\/\/big-brokers.ch\/fr\/soluzioni-assicurative-europa\/clientela-aziendale-europa\/\" \/>\n<meta property=\"og:site_name\" content=\"BIG Insurance Brokers\" \/>\n<meta property=\"article:modified_time\" content=\"2025-07-03T14:45:27+00:00\" \/>\n<meta name=\"twitter:card\" content=\"summary_large_image\" \/>\n<meta name=\"twitter:title\" content=\"Client\u00e8le Entreprises Europ\u00e9enne - BIG Insurance Brokers\" \/>\n<meta name=\"twitter:description\" content=\"Services d\u2019assurance pour entreprises en Europe. Des solutions sur mesure pour prot\u00e9ger activit\u00e9s, employ\u00e9s et patrimoines \u00e0 l\u2019international.\" \/>\n<meta name=\"twitter:label1\" content=\"Dur\u00e9e de lecture estim\u00e9e\" \/>\n\t<meta name=\"twitter:data1\" content=\"3 minutes\" \/>\n<script type=\"application\/ld+json\" class=\"yoast-schema-graph\">{\"@context\":\"https:\/\/schema.org\",\"@graph\":[{\"@type\":\"WebPage\",\"@id\":\"https:\/\/big-brokers.ch\/fr\/soluzioni-assicurative-europa\/clientela-aziendale-europa\/\",\"url\":\"https:\/\/big-brokers.ch\/fr\/soluzioni-assicurative-europa\/clientela-aziendale-europa\/\",\"name\":\"Client\u00e8le Entreprises Europ\u00e9enne - BIG Insurance Brokers\",\"isPartOf\":{\"@id\":\"https:\/\/www.big-brokers.ch\/it\/#website\"},\"datePublished\":\"2021-04-17T12:37:22+00:00\",\"dateModified\":\"2025-07-03T14:45:27+00:00\",\"description\":\"Services d\u2019assurance pour entreprises en Europe. Des solutions sur mesure pour prot\u00e9ger activit\u00e9s, employ\u00e9s et patrimoines \u00e0 l\u2019international.\",\"breadcrumb\":{\"@id\":\"https:\/\/big-brokers.ch\/fr\/soluzioni-assicurative-europa\/clientela-aziendale-europa\/#breadcrumb\"},\"inLanguage\":\"fr-FR\",\"potentialAction\":[{\"@type\":\"ReadAction\",\"target\":[\"https:\/\/big-brokers.ch\/fr\/soluzioni-assicurative-europa\/clientela-aziendale-europa\/\"]}]},{\"@type\":\"BreadcrumbList\",\"@id\":\"https:\/\/big-brokers.ch\/fr\/soluzioni-assicurative-europa\/clientela-aziendale-europa\/#breadcrumb\",\"itemListElement\":[{\"@type\":\"ListItem\",\"position\":1,\"name\":\"Home\",\"item\":\"https:\/\/www.big-brokers.ch\/fr\/\"},{\"@type\":\"ListItem\",\"position\":2,\"name\":\"Solutions d&#8217;assurance Europe\",\"item\":\"https:\/\/big-brokers.ch\/fr\/soluzioni-assicurative-europa\/\"},{\"@type\":\"ListItem\",\"position\":3,\"name\":\"Client\u00e8le Entreprises Europ\u00e9enne\"}]},{\"@type\":\"WebSite\",\"@id\":\"https:\/\/www.big-brokers.ch\/it\/#website\",\"url\":\"https:\/\/www.big-brokers.ch\/it\/\",\"name\":\"BIG Insurance Brokers\",\"description\":\"we are your international brokers\",\"publisher\":{\"@id\":\"https:\/\/www.big-brokers.ch\/it\/#organization\"},\"potentialAction\":[{\"@type\":\"SearchAction\",\"target\":{\"@type\":\"EntryPoint\",\"urlTemplate\":\"https:\/\/www.big-brokers.ch\/it\/?s={search_term_string}\"},\"query-input\":{\"@type\":\"PropertyValueSpecification\",\"valueRequired\":true,\"valueName\":\"search_term_string\"}}],\"inLanguage\":\"fr-FR\"},{\"@type\":\"Organization\",\"@id\":\"https:\/\/www.big-brokers.ch\/it\/#organization\",\"name\":\"BIG Insurance Brokers\",\"url\":\"https:\/\/www.big-brokers.ch\/it\/\",\"logo\":{\"@type\":\"ImageObject\",\"inLanguage\":\"fr-FR\",\"@id\":\"https:\/\/www.big-brokers.ch\/it\/#\/schema\/logo\/image\/\",\"url\":\"https:\/\/big-brokers.ch\/wp-content\/uploads\/2019\/08\/big-insurance-brokers-logo.png\",\"contentUrl\":\"https:\/\/big-brokers.ch\/wp-content\/uploads\/2019\/08\/big-insurance-brokers-logo.png\",\"width\":300,\"height\":143,\"caption\":\"BIG Insurance Brokers\"},\"image\":{\"@id\":\"https:\/\/www.big-brokers.ch\/it\/#\/schema\/logo\/image\/\"}}]}<\/script>\n<!-- \/ Yoast SEO plugin. -->","yoast_head_json":{"title":"Client\u00e8le Entreprises Europ\u00e9enne - BIG Insurance Brokers","description":"Services d\u2019assurance pour entreprises en Europe. Des solutions sur mesure pour prot\u00e9ger activit\u00e9s, employ\u00e9s et patrimoines \u00e0 l\u2019international.","robots":{"index":"index","follow":"follow","max-snippet":"max-snippet:-1","max-image-preview":"max-image-preview:large","max-video-preview":"max-video-preview:-1"},"canonical":"https:\/\/big-brokers.ch\/fr\/soluzioni-assicurative-europa\/clientela-aziendale-europa\/","og_locale":"fr_FR","og_type":"article","og_title":"Client\u00e8le Entreprises Europ\u00e9enne - BIG Insurance Brokers","og_description":"Services d\u2019assurance pour entreprises en Europe. Des solutions sur mesure pour prot\u00e9ger activit\u00e9s, employ\u00e9s et patrimoines \u00e0 l\u2019international.","og_url":"https:\/\/big-brokers.ch\/fr\/soluzioni-assicurative-europa\/clientela-aziendale-europa\/","og_site_name":"BIG Insurance Brokers","article_modified_time":"2025-07-03T14:45:27+00:00","twitter_card":"summary_large_image","twitter_title":"Client\u00e8le Entreprises Europ\u00e9enne - BIG Insurance Brokers","twitter_description":"Services d\u2019assurance pour entreprises en Europe. Des solutions sur mesure pour prot\u00e9ger activit\u00e9s, employ\u00e9s et patrimoines \u00e0 l\u2019international.","twitter_misc":{"Dur\u00e9e de lecture estim\u00e9e":"3 minutes"},"schema":{"@context":"https:\/\/schema.org","@graph":[{"@type":"WebPage","@id":"https:\/\/big-brokers.ch\/fr\/soluzioni-assicurative-europa\/clientela-aziendale-europa\/","url":"https:\/\/big-brokers.ch\/fr\/soluzioni-assicurative-europa\/clientela-aziendale-europa\/","name":"Client\u00e8le Entreprises Europ\u00e9enne - BIG Insurance Brokers","isPartOf":{"@id":"https:\/\/www.big-brokers.ch\/it\/#website"},"datePublished":"2021-04-17T12:37:22+00:00","dateModified":"2025-07-03T14:45:27+00:00","description":"Services d\u2019assurance pour entreprises en Europe. Des solutions sur mesure pour prot\u00e9ger activit\u00e9s, employ\u00e9s et patrimoines \u00e0 l\u2019international.","breadcrumb":{"@id":"https:\/\/big-brokers.ch\/fr\/soluzioni-assicurative-europa\/clientela-aziendale-europa\/#breadcrumb"},"inLanguage":"fr-FR","potentialAction":[{"@type":"ReadAction","target":["https:\/\/big-brokers.ch\/fr\/soluzioni-assicurative-europa\/clientela-aziendale-europa\/"]}]},{"@type":"BreadcrumbList","@id":"https:\/\/big-brokers.ch\/fr\/soluzioni-assicurative-europa\/clientela-aziendale-europa\/#breadcrumb","itemListElement":[{"@type":"ListItem","position":1,"name":"Home","item":"https:\/\/www.big-brokers.ch\/fr\/"},{"@type":"ListItem","position":2,"name":"Solutions d&#8217;assurance Europe","item":"https:\/\/big-brokers.ch\/fr\/soluzioni-assicurative-europa\/"},{"@type":"ListItem","position":3,"name":"Client\u00e8le Entreprises Europ\u00e9enne"}]},{"@type":"WebSite","@id":"https:\/\/www.big-brokers.ch\/it\/#website","url":"https:\/\/www.big-brokers.ch\/it\/","name":"BIG Insurance Brokers","description":"we are your international brokers","publisher":{"@id":"https:\/\/www.big-brokers.ch\/it\/#organization"},"potentialAction":[{"@type":"SearchAction","target":{"@type":"EntryPoint","urlTemplate":"https:\/\/www.big-brokers.ch\/it\/?s={search_term_string}"},"query-input":{"@type":"PropertyValueSpecification","valueRequired":true,"valueName":"search_term_string"}}],"inLanguage":"fr-FR"},{"@type":"Organization","@id":"https:\/\/www.big-brokers.ch\/it\/#organization","name":"BIG Insurance Brokers","url":"https:\/\/www.big-brokers.ch\/it\/","logo":{"@type":"ImageObject","inLanguage":"fr-FR","@id":"https:\/\/www.big-brokers.ch\/it\/#\/schema\/logo\/image\/","url":"https:\/\/big-brokers.ch\/wp-content\/uploads\/2019\/08\/big-insurance-brokers-logo.png","contentUrl":"https:\/\/big-brokers.ch\/wp-content\/uploads\/2019\/08\/big-insurance-brokers-logo.png","width":300,"height":143,"caption":"BIG Insurance Brokers"},"image":{"@id":"https:\/\/www.big-brokers.ch\/it\/#\/schema\/logo\/image\/"}}]}},"_links":{"self":[{"href":"https:\/\/www.big-brokers.ch\/fr\/wp-json\/wp\/v2\/pages\/4581","targetHints":{"allow":["GET"]}}],"collection":[{"href":"https:\/\/www.big-brokers.ch\/fr\/wp-json\/wp\/v2\/pages"}],"about":[{"href":"https:\/\/www.big-brokers.ch\/fr\/wp-json\/wp\/v2\/types\/page"}],"author":[{"embeddable":true,"href":"https:\/\/www.big-brokers.ch\/fr\/wp-json\/wp\/v2\/users\/3"}],"replies":[{"embeddable":true,"href":"https:\/\/www.big-brokers.ch\/fr\/wp-json\/wp\/v2\/comments?post=4581"}],"version-history":[{"count":7,"href":"https:\/\/www.big-brokers.ch\/fr\/wp-json\/wp\/v2\/pages\/4581\/revisions"}],"predecessor-version":[{"id":5171,"href":"https:\/\/www.big-brokers.ch\/fr\/wp-json\/wp\/v2\/pages\/4581\/revisions\/5171"}],"up":[{"embeddable":true,"href":"https:\/\/www.big-brokers.ch\/fr\/wp-json\/wp\/v2\/pages\/4693"}],"wp:attachment":[{"href":"https:\/\/www.big-brokers.ch\/fr\/wp-json\/wp\/v2\/media?parent=4581"}],"curies":[{"name":"wp","href":"https:\/\/api.w.org\/{rel}","templated":true}]}}