{"id":3065,"date":"2019-04-03T00:31:40","date_gmt":"2019-04-02T22:31:40","guid":{"rendered":"https:\/\/www.big-brokers.ch\/rimborso-spese-mediche-internazionali\/"},"modified":"2025-10-22T12:04:53","modified_gmt":"2025-10-22T10:04:53","slug":"rimborso-spese-mediche-internazionali","status":"publish","type":"page","link":"https:\/\/www.big-brokers.ch\/fr\/rimborso-spese-mediche-internazionali\/","title":{"rendered":"Assurance Sant\u00e9 Internationale"},"content":{"rendered":"<div class=\"wpb-content-wrapper\"><p>[vc_row][vc_column] \n    <section class=\"content\">\n  <div class=\"container\">\n    <div class=\"row\">\n      <div class=\"col-12\">\n        <div class=\"section-title\"> <span><\/span>\n          <h2>Assurance Sant\u00e9 Internationale<\/h2>\n          <h6>D\u00e9placement \u00e0 l\u2019\u00e9tranger, m\u00eame dans des pays en d\u00e9veloppement : la couverture m\u00e9dicale.<\/h6>\n        <\/div>\n        <!-- end section-title -->\n      <\/div>\n      <!-- end col-12 -->\n      <div class=\"col-12\">\n        <p class=\"lead\">La prise en charge des \u00e9ventuelles d\u00e9penses m\u00e9dicales qui peuvent \u00eatre n\u00e9cessaires lors d\u2019un voyage \u00e0 l\u2019\u00e9tranger est une des plus grandes garanties offertes par une assurance sant\u00e9. Cette solution permet au voyageur de partir, aussi bien pour affaire que pour le plaisir, avec la certitude d\u2019\u00eatre totalement prot\u00e9g\u00e9. L\u2019assurance sant\u00e9 internationale pr\u00e9voit le remboursement des d\u00e9penses m\u00e9dicales que peut rencontrer l\u2019assur\u00e9 lors d\u2019un s\u00e9jour \u00e0 l\u2019\u00e9tranger. <\/p><br>\n      <\/div>\n      <!-- end col-12 -->\n      <div class=\"col-lg-6\">\n        \n        <p>Parmi les garanties, remboursement des soins, des frais d\u2019hospitalisation, d\u2019ambulance et les honoraires des professionnels de sant\u00e9 et m\u00e9decins, et les d\u00e9penses de traitement et m\u00e9dicaments.<\/p>\n      <\/div>\n      <!-- end col-col-6 -->\n      <div class=\"col-lg-6\">\n        <p>La couverture peut \u00e9galement s\u2019\u00e9tendre au frais dentaires et optiques, sous r\u00e9serve que les d\u00e9penses m\u00e9dicales d\u00e9coulent de prescriptions \u00e9tablies par du personnel autoris\u00e9 dans le pays o\u00f9 l\u2019assur\u00e9 a re\u00e7u les soins.  <\/p>\n        <br>\n                    <!-- end progress-bar --> \n          <\/div>\n          <!-- end progress -->\n      <\/div>\n      <!-- end col-6 -->\n    <\/div>\n    <!-- end row -->\n  <\/div>\n  <!-- end container -->\n<\/section>\n[\/vc_column][\/vc_row][vc_row full_width=&#8221;stretch_row_content_no_spaces&#8221; el_class=&#8221;nopadding&#8221;][vc_column] \n    <section class=\"side-image-content\" id=\"counter\">\n  <div class=\"sides bg-image wow fadeIn\" data-background=\"https:\/\/www.big-brokers.ch\/wp-content\/uploads\/2019\/06\/assicurazione_-sanitaria_internazionale.jpg\"> <\/div>\n  <!-- end sides -->\n  <div class=\"sides bg-color wow fadeIn\" data-background=\"#405089\">\n    <div class=\"inner\">\n      <div class=\"section-title light\"> <span><\/span>\n        <h2>COUVERTURE<\/h2>\n        <h6><\/h6>\n      <\/div>\n      <!-- end section-title -->\n      <p>COUVERTURE ACCIDENTS<br \/>\nDonne droit \u00e0 une indemnisation en cas d\u2019accident, m\u00eame grave, survenu pendant le voyage. Garantie \u00e9galement le paiement d\u2019une somme en cas d\u2019invalidit\u00e9 ou d\u00e9c\u00e8s caus\u00e9 par un accident lors du voyage.<\/p>\n<p>ASSURANCE RAPATRIEMENT<br \/>\nL\u2019assurance pr\u00e9voit d\u2019important service d\u2019assistance sur place et\/ou de rapatriement pour motif m\u00e9dical.<\/p>\n<p>PROTECTION DES BAGAGES<br \/>\nProtection contre la perte ou le vol de bagages. Pr\u00e9voit \u00e9galement un d\u00e9dommagement en cas de retard dans leur mise \u00e0 disposition<\/p>\n      <img decoding=\"async\" src=\"https:\/\/www.big-brokers.ch\/wp-content\/uploads\/2019\/08\/BIG-Insurance-Brokers-white-low.png\" alt=\"Image\"> <\/div>\n    <!-- end inner --> \n  <\/div>\n  <!-- end sides --> \n<\/section>\n[\/vc_column][\/vc_row][vc_row full_width=&#8221;stretch_row_content_no_spaces&#8221; content_placement=&#8221;middle&#8221;][vc_column] \n    <section class=\"image-content-box\">\n  <div class=\"container\">\n    <div class=\"row\">\n      <div class=\"col-12 wow fadeIn\">\n        <div class=\"section-title\"> <span><\/span>\n          <h2>Choisissez et contactez Votre Interlocuteur<\/h2>\n          <h6>Informations personnalis\u00e9es et conseils dans le monde entier.<\/h6>\n        <\/div>\n        <!-- end section-title --> \n      <\/div>\n      <!-- end col-12 -->\n      <div class=\"col-12\">\n              <div class=\"content-box wow fadeIn\">\n          <figure><img decoding=\"async\" src=\"https:\/\/www.big-brokers.ch\/wp-content\/uploads\/2019\/03\/image-8.png\" alt=\"Image\"><\/figure>\n          <h4>Italie<\/h4>\n          <p><\/p>\n                <a href=\"https:\/\/www.big-brokers.ch\/fr\/italie\/\"><img decoding=\"async\" src=\"https:\/\/www.big-brokers.ch\/wp-content\/themes\/uoncorp\/images\/icon-right-arrow.svg\" alt=\"Image\"><\/a>\n              <\/div>\n        <!-- end content-box -->\n                <div class=\"content-box wow fadeIn\">\n          <figure><img decoding=\"async\" src=\"https:\/\/www.big-brokers.ch\/wp-content\/uploads\/2019\/03\/Cartina_svizzera_.jpg\" alt=\"Image\"><\/figure>\n          <h4>Suisse<\/h4>\n          <p><\/p>\n                <a href=\"https:\/\/www.big-brokers.ch\/fr\/suisse\/\"><img decoding=\"async\" src=\"https:\/\/www.big-brokers.ch\/wp-content\/themes\/uoncorp\/images\/icon-right-arrow.svg\" alt=\"Image\"><\/a>\n              <\/div>\n        <!-- end content-box -->\n                <div class=\"content-box wow fadeIn\">\n          <figure><img decoding=\"async\" src=\"https:\/\/www.big-brokers.ch\/wp-content\/uploads\/2019\/03\/france-header.jpg\" alt=\"Image\"><\/figure>\n          <h4>France <\/br> et Monaco<\/h4>\n          <p><\/p>\n                <a href=\"https:\/\/www.big-brokers.ch\/fr\/france-monaco\/%20\"><img decoding=\"async\" src=\"https:\/\/www.big-brokers.ch\/wp-content\/themes\/uoncorp\/images\/icon-right-arrow.svg\" alt=\"Image\"><\/a>\n              <\/div>\n        <!-- end content-box -->\n                <div class=\"content-box wow fadeIn\">\n          <figure><img decoding=\"async\" src=\"https:\/\/www.big-brokers.ch\/wp-content\/uploads\/2019\/03\/uk-header.jpg\" alt=\"Image\"><\/figure>\n          <h4>Royaume-uni<\/h4>\n          <p><\/p>\n                <a href=\"https:\/\/www.big-brokers.ch\/fr\/royaume-uni\/\"><img decoding=\"async\" src=\"https:\/\/www.big-brokers.ch\/wp-content\/themes\/uoncorp\/images\/icon-right-arrow.svg\" alt=\"Image\"><\/a>\n              <\/div>\n        <!-- end content-box -->\n                <div class=\"content-box wow fadeIn\">\n          <figure><img decoding=\"async\" src=\"https:\/\/www.big-brokers.ch\/wp-content\/uploads\/2019\/03\/greece-header.jpg\" alt=\"Image\"><\/figure>\n          <h4>Gr\u00e8ce et<\/br> le Moyen-Orient<\/h4>\n          <p><\/p>\n                <a href=\"https:\/\/www.big-brokers.ch\/fr\/grece-et-moyen-orient\/\"><img decoding=\"async\" src=\"https:\/\/www.big-brokers.ch\/wp-content\/themes\/uoncorp\/images\/icon-right-arrow.svg\" alt=\"Image\"><\/a>\n              <\/div>\n        <!-- end content-box -->\n                <div class=\"content-box wow fadeIn\">\n          <figure><img decoding=\"async\" src=\"https:\/\/www.big-brokers.ch\/wp-content\/uploads\/2019\/03\/latam-header.jpg\" alt=\"Image\"><\/figure>\n          <h4>Espagne et <\/br>Am\u00e9rique latine<\/h4>\n          <p><\/p>\n                <a href=\"https:\/\/www.big-brokers.ch\/fr\/espagne-et-amerique-latine\/\"><img decoding=\"async\" src=\"https:\/\/www.big-brokers.ch\/wp-content\/themes\/uoncorp\/images\/icon-right-arrow.svg\" alt=\"Image\"><\/a>\n              <\/div>\n        <!-- end content-box -->\n                <!-- end content-box --> \n      <\/div>\n      <!-- end col-12 --> \n    <\/div>\n    <!-- end row --> \n  <\/div>\n  <!-- end container --> \n<\/section>\n[\/vc_column][\/vc_row]<\/p>\n<\/div>","protected":false},"excerpt":{"rendered":"<p>[vc_row][vc_column][\/vc_column][\/vc_row][vc_row full_width=&#8221;stretch_row_content_no_spaces&#8221; el_class=&#8221;nopadding&#8221;][vc_column][\/vc_column][\/vc_row][vc_row full_width=&#8221;stretch_row_content_no_spaces&#8221; content_placement=&#8221;middle&#8221;][vc_column][\/vc_column][\/vc_row]<\/p>\n","protected":false},"author":3,"featured_media":0,"parent":0,"menu_order":0,"comment_status":"closed","ping_status":"closed","template":"page-templates\/other-page.php","meta":{"footnotes":""},"class_list":["post-3065","page","type-page","status-publish","hentry"],"yoast_head":"<!-- This site is optimized with the Yoast SEO plugin v25.3.1 - https:\/\/yoast.com\/wordpress\/plugins\/seo\/ -->\n<title>Assurance Sant\u00e9 Internationale - BIG Insurance Brokers<\/title>\n<meta name=\"robots\" content=\"index, follow, max-snippet:-1, max-image-preview:large, max-video-preview:-1\" \/>\n<link rel=\"canonical\" href=\"https:\/\/www.big-brokers.ch\/fr\/rimborso-spese-mediche-internazionali\/\" \/>\n<meta property=\"og:locale\" content=\"fr_FR\" \/>\n<meta property=\"og:type\" content=\"article\" \/>\n<meta property=\"og:title\" content=\"Assurance Sant\u00e9 Internationale - BIG Insurance Brokers\" \/>\n<meta property=\"og:description\" content=\"[vc_row][vc_column][\/vc_column][\/vc_row][vc_row full_width=&#8221;stretch_row_content_no_spaces&#8221; el_class=&#8221;nopadding&#8221;][vc_column][\/vc_column][\/vc_row][vc_row full_width=&#8221;stretch_row_content_no_spaces&#8221; content_placement=&#8221;middle&#8221;][vc_column][\/vc_column][\/vc_row]\" \/>\n<meta property=\"og:url\" content=\"https:\/\/www.big-brokers.ch\/fr\/rimborso-spese-mediche-internazionali\/\" \/>\n<meta property=\"og:site_name\" content=\"BIG Insurance Brokers\" \/>\n<meta property=\"article:modified_time\" content=\"2025-10-22T10:04:53+00:00\" \/>\n<meta name=\"twitter:card\" content=\"summary_large_image\" \/>\n<meta name=\"twitter:label1\" content=\"Dur\u00e9e de lecture estim\u00e9e\" \/>\n\t<meta name=\"twitter:data1\" content=\"2 minutes\" \/>\n<script type=\"application\/ld+json\" class=\"yoast-schema-graph\">{\"@context\":\"https:\/\/schema.org\",\"@graph\":[{\"@type\":\"WebPage\",\"@id\":\"https:\/\/www.big-brokers.ch\/fr\/rimborso-spese-mediche-internazionali\/\",\"url\":\"https:\/\/www.big-brokers.ch\/fr\/rimborso-spese-mediche-internazionali\/\",\"name\":\"Assurance Sant\u00e9 Internationale - BIG Insurance Brokers\",\"isPartOf\":{\"@id\":\"https:\/\/big-brokers.ch\/en\/#website\"},\"datePublished\":\"2019-04-02T22:31:40+00:00\",\"dateModified\":\"2025-10-22T10:04:53+00:00\",\"breadcrumb\":{\"@id\":\"https:\/\/www.big-brokers.ch\/fr\/rimborso-spese-mediche-internazionali\/#breadcrumb\"},\"inLanguage\":\"fr-FR\",\"potentialAction\":[{\"@type\":\"ReadAction\",\"target\":[\"https:\/\/www.big-brokers.ch\/fr\/rimborso-spese-mediche-internazionali\/\"]}]},{\"@type\":\"BreadcrumbList\",\"@id\":\"https:\/\/www.big-brokers.ch\/fr\/rimborso-spese-mediche-internazionali\/#breadcrumb\",\"itemListElement\":[{\"@type\":\"ListItem\",\"position\":1,\"name\":\"Home\",\"item\":\"https:\/\/www.big-brokers.ch\/fr\/\"},{\"@type\":\"ListItem\",\"position\":2,\"name\":\"Assurance Sant\u00e9 Internationale\"}]},{\"@type\":\"WebSite\",\"@id\":\"https:\/\/big-brokers.ch\/en\/#website\",\"url\":\"https:\/\/big-brokers.ch\/en\/\",\"name\":\"BIG Insurance Brokers\",\"description\":\"we are your international brokers\",\"publisher\":{\"@id\":\"https:\/\/big-brokers.ch\/en\/#organization\"},\"potentialAction\":[{\"@type\":\"SearchAction\",\"target\":{\"@type\":\"EntryPoint\",\"urlTemplate\":\"https:\/\/big-brokers.ch\/en\/?s={search_term_string}\"},\"query-input\":{\"@type\":\"PropertyValueSpecification\",\"valueRequired\":true,\"valueName\":\"search_term_string\"}}],\"inLanguage\":\"fr-FR\"},{\"@type\":\"Organization\",\"@id\":\"https:\/\/big-brokers.ch\/en\/#organization\",\"name\":\"BIG Insurance Brokers\",\"url\":\"https:\/\/big-brokers.ch\/en\/\",\"logo\":{\"@type\":\"ImageObject\",\"inLanguage\":\"fr-FR\",\"@id\":\"https:\/\/big-brokers.ch\/en\/#\/schema\/logo\/image\/\",\"url\":\"https:\/\/big-brokers.ch\/wp-content\/uploads\/2019\/08\/big-insurance-brokers-logo.png\",\"contentUrl\":\"https:\/\/big-brokers.ch\/wp-content\/uploads\/2019\/08\/big-insurance-brokers-logo.png\",\"width\":300,\"height\":143,\"caption\":\"BIG Insurance Brokers\"},\"image\":{\"@id\":\"https:\/\/big-brokers.ch\/en\/#\/schema\/logo\/image\/\"}}]}<\/script>\n<!-- \/ Yoast SEO plugin. -->","yoast_head_json":{"title":"Assurance Sant\u00e9 Internationale - BIG Insurance Brokers","robots":{"index":"index","follow":"follow","max-snippet":"max-snippet:-1","max-image-preview":"max-image-preview:large","max-video-preview":"max-video-preview:-1"},"canonical":"https:\/\/www.big-brokers.ch\/fr\/rimborso-spese-mediche-internazionali\/","og_locale":"fr_FR","og_type":"article","og_title":"Assurance Sant\u00e9 Internationale - BIG Insurance Brokers","og_description":"[vc_row][vc_column][\/vc_column][\/vc_row][vc_row full_width=&#8221;stretch_row_content_no_spaces&#8221; el_class=&#8221;nopadding&#8221;][vc_column][\/vc_column][\/vc_row][vc_row full_width=&#8221;stretch_row_content_no_spaces&#8221; content_placement=&#8221;middle&#8221;][vc_column][\/vc_column][\/vc_row]","og_url":"https:\/\/www.big-brokers.ch\/fr\/rimborso-spese-mediche-internazionali\/","og_site_name":"BIG Insurance Brokers","article_modified_time":"2025-10-22T10:04:53+00:00","twitter_card":"summary_large_image","twitter_misc":{"Dur\u00e9e de lecture estim\u00e9e":"2 minutes"},"schema":{"@context":"https:\/\/schema.org","@graph":[{"@type":"WebPage","@id":"https:\/\/www.big-brokers.ch\/fr\/rimborso-spese-mediche-internazionali\/","url":"https:\/\/www.big-brokers.ch\/fr\/rimborso-spese-mediche-internazionali\/","name":"Assurance Sant\u00e9 Internationale - BIG Insurance Brokers","isPartOf":{"@id":"https:\/\/big-brokers.ch\/en\/#website"},"datePublished":"2019-04-02T22:31:40+00:00","dateModified":"2025-10-22T10:04:53+00:00","breadcrumb":{"@id":"https:\/\/www.big-brokers.ch\/fr\/rimborso-spese-mediche-internazionali\/#breadcrumb"},"inLanguage":"fr-FR","potentialAction":[{"@type":"ReadAction","target":["https:\/\/www.big-brokers.ch\/fr\/rimborso-spese-mediche-internazionali\/"]}]},{"@type":"BreadcrumbList","@id":"https:\/\/www.big-brokers.ch\/fr\/rimborso-spese-mediche-internazionali\/#breadcrumb","itemListElement":[{"@type":"ListItem","position":1,"name":"Home","item":"https:\/\/www.big-brokers.ch\/fr\/"},{"@type":"ListItem","position":2,"name":"Assurance Sant\u00e9 Internationale"}]},{"@type":"WebSite","@id":"https:\/\/big-brokers.ch\/en\/#website","url":"https:\/\/big-brokers.ch\/en\/","name":"BIG Insurance Brokers","description":"we are your international brokers","publisher":{"@id":"https:\/\/big-brokers.ch\/en\/#organization"},"potentialAction":[{"@type":"SearchAction","target":{"@type":"EntryPoint","urlTemplate":"https:\/\/big-brokers.ch\/en\/?s={search_term_string}"},"query-input":{"@type":"PropertyValueSpecification","valueRequired":true,"valueName":"search_term_string"}}],"inLanguage":"fr-FR"},{"@type":"Organization","@id":"https:\/\/big-brokers.ch\/en\/#organization","name":"BIG Insurance Brokers","url":"https:\/\/big-brokers.ch\/en\/","logo":{"@type":"ImageObject","inLanguage":"fr-FR","@id":"https:\/\/big-brokers.ch\/en\/#\/schema\/logo\/image\/","url":"https:\/\/big-brokers.ch\/wp-content\/uploads\/2019\/08\/big-insurance-brokers-logo.png","contentUrl":"https:\/\/big-brokers.ch\/wp-content\/uploads\/2019\/08\/big-insurance-brokers-logo.png","width":300,"height":143,"caption":"BIG Insurance Brokers"},"image":{"@id":"https:\/\/big-brokers.ch\/en\/#\/schema\/logo\/image\/"}}]}},"_links":{"self":[{"href":"https:\/\/www.big-brokers.ch\/fr\/wp-json\/wp\/v2\/pages\/3065","targetHints":{"allow":["GET"]}}],"collection":[{"href":"https:\/\/www.big-brokers.ch\/fr\/wp-json\/wp\/v2\/pages"}],"about":[{"href":"https:\/\/www.big-brokers.ch\/fr\/wp-json\/wp\/v2\/types\/page"}],"author":[{"embeddable":true,"href":"https:\/\/www.big-brokers.ch\/fr\/wp-json\/wp\/v2\/users\/3"}],"replies":[{"embeddable":true,"href":"https:\/\/www.big-brokers.ch\/fr\/wp-json\/wp\/v2\/comments?post=3065"}],"version-history":[{"count":8,"href":"https:\/\/www.big-brokers.ch\/fr\/wp-json\/wp\/v2\/pages\/3065\/revisions"}],"predecessor-version":[{"id":4838,"href":"https:\/\/www.big-brokers.ch\/fr\/wp-json\/wp\/v2\/pages\/3065\/revisions\/4838"}],"wp:attachment":[{"href":"https:\/\/www.big-brokers.ch\/fr\/wp-json\/wp\/v2\/media?parent=3065"}],"curies":[{"name":"wp","href":"https:\/\/api.w.org\/{rel}","templated":true}]}}