{"id":3035,"date":"2019-04-03T00:28:07","date_gmt":"2019-04-02T22:28:07","guid":{"rendered":"https:\/\/www.big-brokers.ch\/polizze-cauzionali\/"},"modified":"2025-10-22T12:05:06","modified_gmt":"2025-10-22T10:05:06","slug":"polizze-cauzionali","status":"publish","type":"page","link":"https:\/\/www.big-brokers.ch\/fr\/polizze-cauzionali\/","title":{"rendered":"Assurances Cautions"},"content":{"rendered":"<div class=\"wpb-content-wrapper\"><p>[vc_row][vc_column] \n    <section class=\"content\">\n  <div class=\"container\">\n    <div class=\"row\">\n      <div class=\"col-12\">\n        <div class=\"section-title\"> <span><\/span>\n          <h2>Assurances Cautions<\/h2>\n          <h6><\/h6>\n        <\/div>\n        <!-- end section-title -->\n      <\/div>\n      <!-- end col-12 -->\n      <div class=\"col-12\">\n        <p class=\"lead\">La compagnie d\u2019assurance peut se substituer aux \u00e9tablissements de cr\u00e9dit pour tout type de garantie. (Except\u00e9es les garanties financi\u00e8res non li\u00e9es \u00e0 une obligation contractuelle) Ce type de police permet de lib\u00e9rer des liquidit\u00e9s bloqu\u00e9es pour une garantie bancaire en les substituant par une assurance risque. <\/p><br>\n      <\/div>\n      <!-- end col-12 -->\n      <div class=\"col-lg-6\">\n        \n        <p>Les <strong>Assurances Cautions<\/strong> peuvent \u00eatre souscrites par des entreprises ayant pour objet la fourniture de biens, l\u2019ex\u00e9cution de travaux, ou toute obligation auxquelles elles font face, dans le march\u00e9 national ou international et face \u00e0 des entreprise priv\u00e9es ou publiques.<\/p>\n<p>L\u2019assurance caution est donc un accord qui r\u00e9git les rapports entre trois sujets:<br \/>\n- le contractant : sujet qui est tenu de fournir une garantie, mais dans l\u2019impossibilit\u00e9 d\u2019en fournir la couverture financi\u00e8re int\u00e9grale<br \/>\n- le b\u00e9n\u00e9ficiaire : sujet qui b\u00e9n\u00e9ficie de l\u2019assurance caution comme garantie en cas de manquement \u00e0 l\u2019ex\u00e9cution des obligations du contractant<br \/>\n- le garant : la compagnie d\u2019assurance qui \u00e9met la garantie et se porte caution.<\/p>\n      <\/div>\n      <!-- end col-col-6 -->\n      <div class=\"col-lg-6\">\n        <p>  <\/p>\n        <br>\n                    <!-- end progress-bar --> \n          <\/div>\n          <!-- end progress -->\n      <\/div>\n      <!-- end col-6 -->\n    <\/div>\n    <!-- end row -->\n  <\/div>\n  <!-- end container -->\n<\/section>\n[\/vc_column][\/vc_row][vc_row full_width=&#8221;stretch_row_content_no_spaces&#8221; el_class=&#8221;nopadding&#8221;][vc_column] \n    <section class=\"side-image-content\" id=\"counter\">\n  <div class=\"sides bg-image wow fadeIn\" data-background=\"https:\/\/www.big-brokers.ch\/wp-content\/uploads\/2019\/01\/image13.jpg\"> <\/div>\n  <!-- end sides -->\n  <div class=\"sides bg-color wow fadeIn\" data-background=\"#405089\">\n    <div class=\"inner\">\n      <div class=\"section-title light\"> <span><\/span>\n        <h2>AVEC L\u2019ASSURANCE CAUTION, LE BLOCAGE DE LIQUIDITES EST EVITE.<\/h2>\n        <h6><\/h6>\n      <\/div>\n      <!-- end section-title -->\n      <p>L\u2019assurance caution peut s\u2019obtenir contre paiement d\u2019une prime, alors qu\u2019une banque, pour octroyer une garantie, peut demander un blocage de fonds, liquidit\u00e9s ou actifs financiers pour toute la dur\u00e9e de la garantie.<\/p>\n<p>Sur le m\u00eame principe, il est possible d\u2019obtenir des <strong>COUVERTURES POUR LES CREDITS COMMERCIAUX <\/strong>(transfert vers un tiers, de la part d\u2019une entreprise, des pertes d\u00e9coulant des impay\u00e9s) ou <strong>COUVERTURE RISQUE POLITIQUE <\/strong> n\u00e9cessaire pour les entreprises qui se d\u00e9veloppent sur des march\u00e9s \u00e9trangers ou qui collaborent avec des fournisseurs ou clients \u00e9trangers.<\/p>\n      <img decoding=\"async\" src=\"https:\/\/www.big-brokers.ch\/wp-content\/uploads\/2019\/07\/BIG-Insurance-Brokers-white.png\" alt=\"Image\"> <\/div>\n    <!-- end inner --> \n  <\/div>\n  <!-- end sides --> \n<\/section>\n[\/vc_column][\/vc_row][vc_row full_width=&#8221;stretch_row_content_no_spaces&#8221; content_placement=&#8221;middle&#8221;][vc_column] \n    <section class=\"image-content-box\">\n  <div class=\"container\">\n    <div class=\"row\">\n      <div class=\"col-12 wow fadeIn\">\n        <div class=\"section-title\"> <span><\/span>\n          <h2>Choisissez et contactez Votre Interlocuteur<\/h2>\n          <h6>Informations personnalis\u00e9es et conseils dans le monde entier.<\/h6>\n        <\/div>\n        <!-- end section-title --> \n      <\/div>\n      <!-- end col-12 -->\n      <div class=\"col-12\">\n              <div class=\"content-box wow fadeIn\">\n          <figure><img decoding=\"async\" src=\"https:\/\/www.big-brokers.ch\/wp-content\/uploads\/2019\/03\/image-8.png\" alt=\"Image\"><\/figure>\n          <h4>Italie<\/h4>\n          <p><\/p>\n                <a href=\"https:\/\/www.big-brokers.ch\/fr\/italie\/\"><img decoding=\"async\" src=\"https:\/\/www.big-brokers.ch\/wp-content\/themes\/uoncorp\/images\/icon-right-arrow.svg\" alt=\"Image\"><\/a>\n              <\/div>\n        <!-- end content-box -->\n                <div class=\"content-box wow fadeIn\">\n          <figure><img decoding=\"async\" src=\"https:\/\/www.big-brokers.ch\/wp-content\/uploads\/2019\/03\/Cartina_svizzera_.jpg\" alt=\"Image\"><\/figure>\n          <h4>Suisse<\/h4>\n          <p><\/p>\n                <a href=\"https:\/\/www.big-brokers.ch\/fr\/suisse\/\"><img decoding=\"async\" src=\"https:\/\/www.big-brokers.ch\/wp-content\/themes\/uoncorp\/images\/icon-right-arrow.svg\" alt=\"Image\"><\/a>\n              <\/div>\n        <!-- end content-box -->\n                <div class=\"content-box wow fadeIn\">\n          <figure><img decoding=\"async\" src=\"https:\/\/www.big-brokers.ch\/wp-content\/uploads\/2019\/03\/france-header.jpg\" alt=\"Image\"><\/figure>\n          <h4>France <\/br> et Monaco<\/h4>\n          <p><\/p>\n                <a href=\"https:\/\/www.big-brokers.ch\/fr\/france-monaco\/\"><img decoding=\"async\" src=\"https:\/\/www.big-brokers.ch\/wp-content\/themes\/uoncorp\/images\/icon-right-arrow.svg\" alt=\"Image\"><\/a>\n              <\/div>\n        <!-- end content-box -->\n                <div class=\"content-box wow fadeIn\">\n          <figure><img decoding=\"async\" src=\"https:\/\/www.big-brokers.ch\/wp-content\/uploads\/2019\/03\/uk-header.jpg\" alt=\"Image\"><\/figure>\n          <h4>Royaume-uni<\/h4>\n          <p><\/p>\n                <a href=\"https:\/\/www.big-brokers.ch\/fr\/royaume-uni\/\"><img decoding=\"async\" src=\"https:\/\/www.big-brokers.ch\/wp-content\/themes\/uoncorp\/images\/icon-right-arrow.svg\" alt=\"Image\"><\/a>\n              <\/div>\n        <!-- end content-box -->\n                <div class=\"content-box wow fadeIn\">\n          <figure><img decoding=\"async\" src=\"https:\/\/www.big-brokers.ch\/wp-content\/uploads\/2019\/03\/greece-header.jpg\" alt=\"Image\"><\/figure>\n          <h4>Gr\u00e8ce et<\/br> le Moyen-Orient<\/h4>\n          <p><\/p>\n                <a href=\"https:\/\/www.big-brokers.ch\/fr\/grece-et-moyen-orient\/\"><img decoding=\"async\" src=\"https:\/\/www.big-brokers.ch\/wp-content\/themes\/uoncorp\/images\/icon-right-arrow.svg\" alt=\"Image\"><\/a>\n              <\/div>\n        <!-- end content-box -->\n                <div class=\"content-box wow fadeIn\">\n          <figure><img decoding=\"async\" src=\"https:\/\/www.big-brokers.ch\/wp-content\/uploads\/2019\/03\/latam-header.jpg\" alt=\"Image\"><\/figure>\n          <h4>Espagne et <\/br>Am\u00e9rique latine<\/h4>\n          <p><\/p>\n                <a href=\"https:\/\/www.big-brokers.ch\/fr\/espagne-et-amerique-latine\/\"><img decoding=\"async\" src=\"https:\/\/www.big-brokers.ch\/wp-content\/themes\/uoncorp\/images\/icon-right-arrow.svg\" alt=\"Image\"><\/a>\n              <\/div>\n        <!-- end content-box -->\n                <!-- end content-box --> \n      <\/div>\n      <!-- end col-12 --> \n    <\/div>\n    <!-- end row --> \n  <\/div>\n  <!-- end container --> \n<\/section>\n[\/vc_column][\/vc_row]<\/p>\n<\/div>","protected":false},"excerpt":{"rendered":"<p>[vc_row][vc_column][\/vc_column][\/vc_row][vc_row full_width=&#8221;stretch_row_content_no_spaces&#8221; el_class=&#8221;nopadding&#8221;][vc_column][\/vc_column][\/vc_row][vc_row full_width=&#8221;stretch_row_content_no_spaces&#8221; content_placement=&#8221;middle&#8221;][vc_column][\/vc_column][\/vc_row]<\/p>\n","protected":false},"author":3,"featured_media":0,"parent":0,"menu_order":0,"comment_status":"closed","ping_status":"closed","template":"page-templates\/other-page.php","meta":{"footnotes":""},"class_list":["post-3035","page","type-page","status-publish","hentry"],"yoast_head":"<!-- This site is optimized with the Yoast SEO plugin v25.3.1 - https:\/\/yoast.com\/wordpress\/plugins\/seo\/ -->\n<title>Assurances Cautions - BIG Insurance Brokers<\/title>\n<meta name=\"description\" content=\"D\u00e9couvrez les cautions de Big Brokers : garanties pour march\u00e9s publics, contrats et obligations l\u00e9gales.\" \/>\n<meta name=\"robots\" content=\"index, follow, max-snippet:-1, max-image-preview:large, max-video-preview:-1\" \/>\n<link rel=\"canonical\" href=\"https:\/\/www.big-brokers.ch\/fr\/polizze-cauzionali\/\" \/>\n<meta property=\"og:locale\" content=\"fr_FR\" \/>\n<meta property=\"og:type\" content=\"article\" \/>\n<meta property=\"og:title\" content=\"Assurances Cautions - BIG Insurance Brokers\" \/>\n<meta property=\"og:description\" content=\"D\u00e9couvrez les cautions de Big Brokers : garanties pour march\u00e9s publics, contrats et obligations l\u00e9gales.\" \/>\n<meta property=\"og:url\" content=\"https:\/\/www.big-brokers.ch\/fr\/polizze-cauzionali\/\" \/>\n<meta property=\"og:site_name\" content=\"BIG Insurance Brokers\" \/>\n<meta property=\"article:modified_time\" content=\"2025-10-22T10:05:06+00:00\" \/>\n<meta name=\"twitter:card\" content=\"summary_large_image\" \/>\n<meta name=\"twitter:title\" content=\"Assurances Cautions - BIG Insurance Brokers\" \/>\n<meta name=\"twitter:description\" content=\"D\u00e9couvrez les cautions de Big Brokers : garanties pour march\u00e9s publics, contrats et obligations l\u00e9gales.\" \/>\n<meta name=\"twitter:label1\" content=\"Dur\u00e9e de lecture estim\u00e9e\" \/>\n\t<meta name=\"twitter:data1\" content=\"2 minutes\" \/>\n<script type=\"application\/ld+json\" class=\"yoast-schema-graph\">{\"@context\":\"https:\/\/schema.org\",\"@graph\":[{\"@type\":\"WebPage\",\"@id\":\"https:\/\/www.big-brokers.ch\/fr\/polizze-cauzionali\/\",\"url\":\"https:\/\/www.big-brokers.ch\/fr\/polizze-cauzionali\/\",\"name\":\"Assurances Cautions - BIG Insurance Brokers\",\"isPartOf\":{\"@id\":\"https:\/\/big-brokers.ch\/it\/#website\"},\"datePublished\":\"2019-04-02T22:28:07+00:00\",\"dateModified\":\"2025-10-22T10:05:06+00:00\",\"description\":\"D\u00e9couvrez les cautions de Big Brokers : garanties pour march\u00e9s publics, contrats et obligations l\u00e9gales.\",\"breadcrumb\":{\"@id\":\"https:\/\/www.big-brokers.ch\/fr\/polizze-cauzionali\/#breadcrumb\"},\"inLanguage\":\"fr-FR\",\"potentialAction\":[{\"@type\":\"ReadAction\",\"target\":[\"https:\/\/www.big-brokers.ch\/fr\/polizze-cauzionali\/\"]}]},{\"@type\":\"BreadcrumbList\",\"@id\":\"https:\/\/www.big-brokers.ch\/fr\/polizze-cauzionali\/#breadcrumb\",\"itemListElement\":[{\"@type\":\"ListItem\",\"position\":1,\"name\":\"Home\",\"item\":\"https:\/\/www.big-brokers.ch\/fr\/\"},{\"@type\":\"ListItem\",\"position\":2,\"name\":\"Assurances Cautions\"}]},{\"@type\":\"WebSite\",\"@id\":\"https:\/\/big-brokers.ch\/it\/#website\",\"url\":\"https:\/\/big-brokers.ch\/it\/\",\"name\":\"BIG Insurance Brokers\",\"description\":\"we are your international brokers\",\"publisher\":{\"@id\":\"https:\/\/big-brokers.ch\/it\/#organization\"},\"potentialAction\":[{\"@type\":\"SearchAction\",\"target\":{\"@type\":\"EntryPoint\",\"urlTemplate\":\"https:\/\/big-brokers.ch\/it\/?s={search_term_string}\"},\"query-input\":{\"@type\":\"PropertyValueSpecification\",\"valueRequired\":true,\"valueName\":\"search_term_string\"}}],\"inLanguage\":\"fr-FR\"},{\"@type\":\"Organization\",\"@id\":\"https:\/\/big-brokers.ch\/it\/#organization\",\"name\":\"BIG Insurance Brokers\",\"url\":\"https:\/\/big-brokers.ch\/it\/\",\"logo\":{\"@type\":\"ImageObject\",\"inLanguage\":\"fr-FR\",\"@id\":\"https:\/\/big-brokers.ch\/it\/#\/schema\/logo\/image\/\",\"url\":\"https:\/\/big-brokers.ch\/wp-content\/uploads\/2019\/08\/big-insurance-brokers-logo.png\",\"contentUrl\":\"https:\/\/big-brokers.ch\/wp-content\/uploads\/2019\/08\/big-insurance-brokers-logo.png\",\"width\":300,\"height\":143,\"caption\":\"BIG Insurance Brokers\"},\"image\":{\"@id\":\"https:\/\/big-brokers.ch\/it\/#\/schema\/logo\/image\/\"}}]}<\/script>\n<!-- \/ Yoast SEO plugin. -->","yoast_head_json":{"title":"Assurances Cautions - BIG Insurance Brokers","description":"D\u00e9couvrez les cautions de Big Brokers : garanties pour march\u00e9s publics, contrats et obligations l\u00e9gales.","robots":{"index":"index","follow":"follow","max-snippet":"max-snippet:-1","max-image-preview":"max-image-preview:large","max-video-preview":"max-video-preview:-1"},"canonical":"https:\/\/www.big-brokers.ch\/fr\/polizze-cauzionali\/","og_locale":"fr_FR","og_type":"article","og_title":"Assurances Cautions - BIG Insurance Brokers","og_description":"D\u00e9couvrez les cautions de Big Brokers : garanties pour march\u00e9s publics, contrats et obligations l\u00e9gales.","og_url":"https:\/\/www.big-brokers.ch\/fr\/polizze-cauzionali\/","og_site_name":"BIG Insurance Brokers","article_modified_time":"2025-10-22T10:05:06+00:00","twitter_card":"summary_large_image","twitter_title":"Assurances Cautions - BIG Insurance Brokers","twitter_description":"D\u00e9couvrez les cautions de Big Brokers : garanties pour march\u00e9s publics, contrats et obligations l\u00e9gales.","twitter_misc":{"Dur\u00e9e de lecture estim\u00e9e":"2 minutes"},"schema":{"@context":"https:\/\/schema.org","@graph":[{"@type":"WebPage","@id":"https:\/\/www.big-brokers.ch\/fr\/polizze-cauzionali\/","url":"https:\/\/www.big-brokers.ch\/fr\/polizze-cauzionali\/","name":"Assurances Cautions - BIG Insurance Brokers","isPartOf":{"@id":"https:\/\/big-brokers.ch\/it\/#website"},"datePublished":"2019-04-02T22:28:07+00:00","dateModified":"2025-10-22T10:05:06+00:00","description":"D\u00e9couvrez les cautions de Big Brokers : garanties pour march\u00e9s publics, contrats et obligations l\u00e9gales.","breadcrumb":{"@id":"https:\/\/www.big-brokers.ch\/fr\/polizze-cauzionali\/#breadcrumb"},"inLanguage":"fr-FR","potentialAction":[{"@type":"ReadAction","target":["https:\/\/www.big-brokers.ch\/fr\/polizze-cauzionali\/"]}]},{"@type":"BreadcrumbList","@id":"https:\/\/www.big-brokers.ch\/fr\/polizze-cauzionali\/#breadcrumb","itemListElement":[{"@type":"ListItem","position":1,"name":"Home","item":"https:\/\/www.big-brokers.ch\/fr\/"},{"@type":"ListItem","position":2,"name":"Assurances Cautions"}]},{"@type":"WebSite","@id":"https:\/\/big-brokers.ch\/it\/#website","url":"https:\/\/big-brokers.ch\/it\/","name":"BIG Insurance Brokers","description":"we are your international brokers","publisher":{"@id":"https:\/\/big-brokers.ch\/it\/#organization"},"potentialAction":[{"@type":"SearchAction","target":{"@type":"EntryPoint","urlTemplate":"https:\/\/big-brokers.ch\/it\/?s={search_term_string}"},"query-input":{"@type":"PropertyValueSpecification","valueRequired":true,"valueName":"search_term_string"}}],"inLanguage":"fr-FR"},{"@type":"Organization","@id":"https:\/\/big-brokers.ch\/it\/#organization","name":"BIG Insurance Brokers","url":"https:\/\/big-brokers.ch\/it\/","logo":{"@type":"ImageObject","inLanguage":"fr-FR","@id":"https:\/\/big-brokers.ch\/it\/#\/schema\/logo\/image\/","url":"https:\/\/big-brokers.ch\/wp-content\/uploads\/2019\/08\/big-insurance-brokers-logo.png","contentUrl":"https:\/\/big-brokers.ch\/wp-content\/uploads\/2019\/08\/big-insurance-brokers-logo.png","width":300,"height":143,"caption":"BIG Insurance Brokers"},"image":{"@id":"https:\/\/big-brokers.ch\/it\/#\/schema\/logo\/image\/"}}]}},"_links":{"self":[{"href":"https:\/\/www.big-brokers.ch\/fr\/wp-json\/wp\/v2\/pages\/3035","targetHints":{"allow":["GET"]}}],"collection":[{"href":"https:\/\/www.big-brokers.ch\/fr\/wp-json\/wp\/v2\/pages"}],"about":[{"href":"https:\/\/www.big-brokers.ch\/fr\/wp-json\/wp\/v2\/types\/page"}],"author":[{"embeddable":true,"href":"https:\/\/www.big-brokers.ch\/fr\/wp-json\/wp\/v2\/users\/3"}],"replies":[{"embeddable":true,"href":"https:\/\/www.big-brokers.ch\/fr\/wp-json\/wp\/v2\/comments?post=3035"}],"version-history":[{"count":6,"href":"https:\/\/www.big-brokers.ch\/fr\/wp-json\/wp\/v2\/pages\/3035\/revisions"}],"predecessor-version":[{"id":4835,"href":"https:\/\/www.big-brokers.ch\/fr\/wp-json\/wp\/v2\/pages\/3035\/revisions\/4835"}],"wp:attachment":[{"href":"https:\/\/www.big-brokers.ch\/fr\/wp-json\/wp\/v2\/media?parent=3035"}],"curies":[{"name":"wp","href":"https:\/\/api.w.org\/{rel}","templated":true}]}}