{"id":2984,"date":"2019-03-29T00:25:17","date_gmt":"2019-03-28T23:25:17","guid":{"rendered":"https:\/\/www.big-brokers.ch\/previdenza-professionale-personalizzata\/"},"modified":"2026-01-30T11:05:25","modified_gmt":"2026-01-30T10:05:25","slug":"previdenza-professionale-personalizzata","status":"publish","type":"page","link":"https:\/\/www.big-brokers.ch\/fr\/previdenza-professionale-personalizzata\/","title":{"rendered":"Pr\u00e9voyance Professionnelle Personnalis\u00e9e"},"content":{"rendered":"<div class=\"wpb-content-wrapper\"><p>[vc_row][vc_column] \n    <section class=\"content\">\n  <div class=\"container\">\n    <div class=\"row\">\n      <div class=\"col-12\">\n        <div class=\"section-title\"> <span><\/span>\n          <h2>R\u00e8voyance Professionelle Personnaliz\u00e9e<\/h2>\n          <h6>Couverture int\u00e9gr\u00e9e pour r\u00e9pondre \u00e0 vos besoins<\/h6>\n        <\/div>\n        <!-- end section-title -->\n      <\/div>\n      <!-- end col-12 -->\n      <div class=\"col-12\">\n        <p class=\"lead\">Pr\u00e8voyance Professionelle Personnaliz\u00e9e int\u00e8gre : les couvertures assurantielles n\u00e9cessaires, le service de private banking et la gestion de patrimoine, avec les avantages r\u00e9serv\u00e9s \u00e0 la pr\u00e9voyance: <\/p><br>\n      <\/div>\n      <!-- end col-12 -->\n      <div class=\"col-lg-6\">\n        \n        <p>optimisation fiscale, planification successorale, protection des avoirs, pluralit\u00e9 des supports et confidentialit\u00e9, en conformit\u00e9 avec les normes en vigueur LPP et OPP2.Le plan suppl\u00e9mentaire 2e s\u2019ins\u00e8re dans la pr\u00e9voyance professionnelle. C\u2019est donc un extension du second pilier dans le syst\u00e8me des trois piliers de la s\u00e9curit\u00e9 sociale suisse.<\/p>\n      <\/div>\n      <!-- end col-col-6 -->\n      <div class=\"col-lg-6\">\n        <p>Il permet de r\u00e9pondre aux exigences des dirigeants et propri\u00e9taires d\u2019entreprise, et \u00e9galement aux professions lib\u00e9rales dans les activit\u00e9 de sant\u00e9, droits ou finance.  <\/p>\n        <br>\n                    <!-- end progress-bar --> \n          <\/div>\n          <!-- end progress -->\n      <\/div>\n      <!-- end col-6 -->\n    <\/div>\n    <!-- end row -->\n  <\/div>\n  <!-- end container -->\n<\/section>\n[\/vc_column][\/vc_row][vc_row][vc_column][vc_single_image image=&#8221;980&#8243; img_size=&#8221;1920&#215;600&#8243; alignment=&#8221;center&#8221;][\/vc_column][\/vc_row][vc_row full_width=&#8221;stretch_row_content_no_spaces&#8221; equal_height=&#8221;yes&#8221; type_row=&#8221;offices&#8221; el_id=&#8221;nopadding&#8221; el_class=&#8221;nopadding&#8221;][vc_column] \n    <section class=\"image-content-box\">\n  <div class=\"container\">\n    <div class=\"row\">\n      <div class=\"col-12 wow fadeIn\">\n        <div class=\"section-title\"> <span><\/span>\n          <h2>La s\u00e9curit\u00e9 sociale vous int\u00e9resse ? Contactez-nous<\/h2>\n          <h6>Informations personnalis\u00e9es et conseils dans le monde entier.<\/h6>\n        <\/div>\n        <!-- end section-title --> \n      <\/div>\n      <!-- end col-12 -->\n      <div class=\"col-12\">\n              <div class=\"content-box wow fadeIn\">\n          <figure><img decoding=\"async\" src=\"https:\/\/www.big-brokers.ch\/wp-content\/uploads\/2019\/03\/image-8.png\" alt=\"Image\"><\/figure>\n          <h4>Italie<\/h4>\n          <p><\/p>\n                <a href=\"https:\/\/www.big-brokers.ch\/fr\/italie\/\"><img decoding=\"async\" src=\"https:\/\/www.big-brokers.ch\/wp-content\/themes\/uoncorp\/images\/icon-right-arrow.svg\" alt=\"Image\"><\/a>\n              <\/div>\n        <!-- end content-box -->\n                <div class=\"content-box wow fadeIn\">\n          <figure><img decoding=\"async\" src=\"https:\/\/www.big-brokers.ch\/wp-content\/uploads\/2019\/03\/Cartina_svizzera_.jpg\" alt=\"Image\"><\/figure>\n          <h4>Suisse<\/h4>\n          <p><\/p>\n                <a href=\"https:\/\/www.big-brokers.ch\/fr\/suisse\/\"><img decoding=\"async\" src=\"https:\/\/www.big-brokers.ch\/wp-content\/themes\/uoncorp\/images\/icon-right-arrow.svg\" alt=\"Image\"><\/a>\n              <\/div>\n        <!-- end content-box -->\n                <div class=\"content-box wow fadeIn\">\n          <figure><img decoding=\"async\" src=\"https:\/\/www.big-brokers.ch\/wp-content\/uploads\/2019\/03\/france-header.jpg\" alt=\"Image\"><\/figure>\n          <h4>France<br>et Monaco<\/h4>\n          <p>https:\/\/www.big-brokers.ch\/fr\/france-monaco\/<\/p>\n                <a href=\"https:\/\/www.big-brokers.ch\/fr\/france-monaco\/%20\"><img decoding=\"async\" src=\"https:\/\/www.big-brokers.ch\/wp-content\/themes\/uoncorp\/images\/icon-right-arrow.svg\" alt=\"Image\"><\/a>\n              <\/div>\n        <!-- end content-box -->\n                <div class=\"content-box wow fadeIn\">\n          <figure><img decoding=\"async\" src=\"https:\/\/www.big-brokers.ch\/wp-content\/uploads\/2019\/03\/uk-header.jpg\" alt=\"Image\"><\/figure>\n          <h4>Royaume-uni<\/h4>\n          <p><\/p>\n                <a href=\"https:\/\/www.big-brokers.ch\/fr\/royaume-uni\/\"><img decoding=\"async\" src=\"https:\/\/www.big-brokers.ch\/wp-content\/themes\/uoncorp\/images\/icon-right-arrow.svg\" alt=\"Image\"><\/a>\n              <\/div>\n        <!-- end content-box -->\n                <div class=\"content-box wow fadeIn\">\n          <figure><img decoding=\"async\" src=\"https:\/\/www.big-brokers.ch\/wp-content\/uploads\/2019\/03\/greece-header.jpg\" alt=\"Image\"><\/figure>\n          <h4>Gr\u00e8ce et le Moyen-Orient<\/h4>\n          <p><\/p>\n                <a href=\"https:\/\/www.big-brokers.ch\/fr\/grece-et-moyen-orient\/\"><img decoding=\"async\" src=\"https:\/\/www.big-brokers.ch\/wp-content\/themes\/uoncorp\/images\/icon-right-arrow.svg\" alt=\"Image\"><\/a>\n              <\/div>\n        <!-- end content-box -->\n                <div class=\"content-box wow fadeIn\">\n          <figure><img decoding=\"async\" src=\"https:\/\/www.big-brokers.ch\/wp-content\/uploads\/2019\/03\/latam-header.jpg\" alt=\"Image\"><\/figure>\n          <h4>Espagne et Am\u00e9rique latine<\/h4>\n          <p><\/p>\n                <a href=\"https:\/\/www.big-brokers.ch\/fr\/espagne-et-amerique-latine\/\"><img decoding=\"async\" src=\"https:\/\/www.big-brokers.ch\/wp-content\/themes\/uoncorp\/images\/icon-right-arrow.svg\" alt=\"Image\"><\/a>\n              <\/div>\n        <!-- end content-box -->\n                <!-- end content-box --> \n      <\/div>\n      <!-- end col-12 --> \n    <\/div>\n    <!-- end row --> \n  <\/div>\n  <!-- end container --> \n<\/section>\n[\/vc_column][\/vc_row]<\/p>\n<\/div>","protected":false},"excerpt":{"rendered":"<p>[vc_row][vc_column][\/vc_column][\/vc_row][vc_row][vc_column][vc_single_image image=&#8221;980&#8243; img_size=&#8221;1920&#215;600&#8243; alignment=&#8221;center&#8221;][\/vc_column][\/vc_row][vc_row full_width=&#8221;stretch_row_content_no_spaces&#8221; equal_height=&#8221;yes&#8221; type_row=&#8221;offices&#8221; el_id=&#8221;nopadding&#8221; el_class=&#8221;nopadding&#8221;][vc_column][\/vc_column][\/vc_row]<\/p>\n","protected":false},"author":3,"featured_media":0,"parent":0,"menu_order":0,"comment_status":"closed","ping_status":"closed","template":"page-templates\/other-page.php","meta":{"footnotes":""},"class_list":["post-2984","page","type-page","status-publish","hentry"],"yoast_head":"<!-- This site is optimized with the Yoast SEO plugin v25.3.1 - https:\/\/yoast.com\/wordpress\/plugins\/seo\/ -->\n<title>Pr\u00e9voyance Professionnelle Personnalis\u00e9e - BIG Insurance Brokers<\/title>\n<meta name=\"description\" content=\"Solutions de pr\u00e9voyance professionnelle sur mesure pour entreprises, cadres et ind\u00e9pendants. Optimisez protection et fiscalit\u00e9.\" \/>\n<meta name=\"robots\" content=\"index, follow, max-snippet:-1, max-image-preview:large, max-video-preview:-1\" \/>\n<link rel=\"canonical\" href=\"https:\/\/www.big-brokers.ch\/fr\/previdenza-professionale-personalizzata\/\" \/>\n<meta property=\"og:locale\" content=\"fr_FR\" \/>\n<meta property=\"og:type\" content=\"article\" \/>\n<meta property=\"og:title\" content=\"Pr\u00e9voyance Professionnelle Personnalis\u00e9e - BIG Insurance Brokers\" \/>\n<meta property=\"og:description\" content=\"Solutions de pr\u00e9voyance professionnelle sur mesure pour entreprises, cadres et ind\u00e9pendants. Optimisez protection et fiscalit\u00e9.\" \/>\n<meta property=\"og:url\" content=\"https:\/\/www.big-brokers.ch\/fr\/previdenza-professionale-personalizzata\/\" \/>\n<meta property=\"og:site_name\" content=\"BIG Insurance Brokers\" \/>\n<meta property=\"article:modified_time\" content=\"2026-01-30T10:05:25+00:00\" \/>\n<meta name=\"twitter:card\" content=\"summary_large_image\" \/>\n<meta name=\"twitter:title\" content=\"Pr\u00e9voyance Professionnelle Personnalis\u00e9e - BIG Insurance Brokers\" \/>\n<meta name=\"twitter:description\" content=\"Solutions de pr\u00e9voyance professionnelle sur mesure pour entreprises, cadres et ind\u00e9pendants. Optimisez protection et fiscalit\u00e9.\" \/>\n<meta name=\"twitter:label1\" content=\"Dur\u00e9e de lecture estim\u00e9e\" \/>\n\t<meta name=\"twitter:data1\" content=\"1 minute\" \/>\n<script type=\"application\/ld+json\" class=\"yoast-schema-graph\">{\"@context\":\"https:\/\/schema.org\",\"@graph\":[{\"@type\":\"WebPage\",\"@id\":\"https:\/\/www.big-brokers.ch\/fr\/previdenza-professionale-personalizzata\/\",\"url\":\"https:\/\/www.big-brokers.ch\/fr\/previdenza-professionale-personalizzata\/\",\"name\":\"Pr\u00e9voyance Professionnelle Personnalis\u00e9e - BIG Insurance Brokers\",\"isPartOf\":{\"@id\":\"https:\/\/www.big-brokers.ch\/fr\/#website\"},\"datePublished\":\"2019-03-28T23:25:17+00:00\",\"dateModified\":\"2026-01-30T10:05:25+00:00\",\"description\":\"Solutions de pr\u00e9voyance professionnelle sur mesure pour entreprises, cadres et ind\u00e9pendants. Optimisez protection et fiscalit\u00e9.\",\"breadcrumb\":{\"@id\":\"https:\/\/www.big-brokers.ch\/fr\/previdenza-professionale-personalizzata\/#breadcrumb\"},\"inLanguage\":\"fr-FR\",\"potentialAction\":[{\"@type\":\"ReadAction\",\"target\":[\"https:\/\/www.big-brokers.ch\/fr\/previdenza-professionale-personalizzata\/\"]}]},{\"@type\":\"BreadcrumbList\",\"@id\":\"https:\/\/www.big-brokers.ch\/fr\/previdenza-professionale-personalizzata\/#breadcrumb\",\"itemListElement\":[{\"@type\":\"ListItem\",\"position\":1,\"name\":\"Home\",\"item\":\"https:\/\/www.big-brokers.ch\/fr\/\"},{\"@type\":\"ListItem\",\"position\":2,\"name\":\"Pr\u00e9voyance Professionnelle Personnalis\u00e9e\"}]},{\"@type\":\"WebSite\",\"@id\":\"https:\/\/www.big-brokers.ch\/fr\/#website\",\"url\":\"https:\/\/www.big-brokers.ch\/fr\/\",\"name\":\"BIG Insurance Brokers\",\"description\":\"we are your international brokers\",\"publisher\":{\"@id\":\"https:\/\/www.big-brokers.ch\/fr\/#organization\"},\"potentialAction\":[{\"@type\":\"SearchAction\",\"target\":{\"@type\":\"EntryPoint\",\"urlTemplate\":\"https:\/\/www.big-brokers.ch\/fr\/?s={search_term_string}\"},\"query-input\":{\"@type\":\"PropertyValueSpecification\",\"valueRequired\":true,\"valueName\":\"search_term_string\"}}],\"inLanguage\":\"fr-FR\"},{\"@type\":\"Organization\",\"@id\":\"https:\/\/www.big-brokers.ch\/fr\/#organization\",\"name\":\"BIG Insurance Brokers\",\"url\":\"https:\/\/www.big-brokers.ch\/fr\/\",\"logo\":{\"@type\":\"ImageObject\",\"inLanguage\":\"fr-FR\",\"@id\":\"https:\/\/www.big-brokers.ch\/fr\/#\/schema\/logo\/image\/\",\"url\":\"https:\/\/big-brokers.ch\/wp-content\/uploads\/2019\/08\/big-insurance-brokers-logo.png\",\"contentUrl\":\"https:\/\/big-brokers.ch\/wp-content\/uploads\/2019\/08\/big-insurance-brokers-logo.png\",\"width\":300,\"height\":143,\"caption\":\"BIG Insurance Brokers\"},\"image\":{\"@id\":\"https:\/\/www.big-brokers.ch\/fr\/#\/schema\/logo\/image\/\"}}]}<\/script>\n<!-- \/ Yoast SEO plugin. -->","yoast_head_json":{"title":"Pr\u00e9voyance Professionnelle Personnalis\u00e9e - BIG Insurance Brokers","description":"Solutions de pr\u00e9voyance professionnelle sur mesure pour entreprises, cadres et ind\u00e9pendants. Optimisez protection et fiscalit\u00e9.","robots":{"index":"index","follow":"follow","max-snippet":"max-snippet:-1","max-image-preview":"max-image-preview:large","max-video-preview":"max-video-preview:-1"},"canonical":"https:\/\/www.big-brokers.ch\/fr\/previdenza-professionale-personalizzata\/","og_locale":"fr_FR","og_type":"article","og_title":"Pr\u00e9voyance Professionnelle Personnalis\u00e9e - BIG Insurance Brokers","og_description":"Solutions de pr\u00e9voyance professionnelle sur mesure pour entreprises, cadres et ind\u00e9pendants. Optimisez protection et fiscalit\u00e9.","og_url":"https:\/\/www.big-brokers.ch\/fr\/previdenza-professionale-personalizzata\/","og_site_name":"BIG Insurance Brokers","article_modified_time":"2026-01-30T10:05:25+00:00","twitter_card":"summary_large_image","twitter_title":"Pr\u00e9voyance Professionnelle Personnalis\u00e9e - BIG Insurance Brokers","twitter_description":"Solutions de pr\u00e9voyance professionnelle sur mesure pour entreprises, cadres et ind\u00e9pendants. Optimisez protection et fiscalit\u00e9.","twitter_misc":{"Dur\u00e9e de lecture estim\u00e9e":"1 minute"},"schema":{"@context":"https:\/\/schema.org","@graph":[{"@type":"WebPage","@id":"https:\/\/www.big-brokers.ch\/fr\/previdenza-professionale-personalizzata\/","url":"https:\/\/www.big-brokers.ch\/fr\/previdenza-professionale-personalizzata\/","name":"Pr\u00e9voyance Professionnelle Personnalis\u00e9e - BIG Insurance Brokers","isPartOf":{"@id":"https:\/\/www.big-brokers.ch\/fr\/#website"},"datePublished":"2019-03-28T23:25:17+00:00","dateModified":"2026-01-30T10:05:25+00:00","description":"Solutions de pr\u00e9voyance professionnelle sur mesure pour entreprises, cadres et ind\u00e9pendants. Optimisez protection et fiscalit\u00e9.","breadcrumb":{"@id":"https:\/\/www.big-brokers.ch\/fr\/previdenza-professionale-personalizzata\/#breadcrumb"},"inLanguage":"fr-FR","potentialAction":[{"@type":"ReadAction","target":["https:\/\/www.big-brokers.ch\/fr\/previdenza-professionale-personalizzata\/"]}]},{"@type":"BreadcrumbList","@id":"https:\/\/www.big-brokers.ch\/fr\/previdenza-professionale-personalizzata\/#breadcrumb","itemListElement":[{"@type":"ListItem","position":1,"name":"Home","item":"https:\/\/www.big-brokers.ch\/fr\/"},{"@type":"ListItem","position":2,"name":"Pr\u00e9voyance Professionnelle Personnalis\u00e9e"}]},{"@type":"WebSite","@id":"https:\/\/www.big-brokers.ch\/fr\/#website","url":"https:\/\/www.big-brokers.ch\/fr\/","name":"BIG Insurance Brokers","description":"we are your international brokers","publisher":{"@id":"https:\/\/www.big-brokers.ch\/fr\/#organization"},"potentialAction":[{"@type":"SearchAction","target":{"@type":"EntryPoint","urlTemplate":"https:\/\/www.big-brokers.ch\/fr\/?s={search_term_string}"},"query-input":{"@type":"PropertyValueSpecification","valueRequired":true,"valueName":"search_term_string"}}],"inLanguage":"fr-FR"},{"@type":"Organization","@id":"https:\/\/www.big-brokers.ch\/fr\/#organization","name":"BIG Insurance Brokers","url":"https:\/\/www.big-brokers.ch\/fr\/","logo":{"@type":"ImageObject","inLanguage":"fr-FR","@id":"https:\/\/www.big-brokers.ch\/fr\/#\/schema\/logo\/image\/","url":"https:\/\/big-brokers.ch\/wp-content\/uploads\/2019\/08\/big-insurance-brokers-logo.png","contentUrl":"https:\/\/big-brokers.ch\/wp-content\/uploads\/2019\/08\/big-insurance-brokers-logo.png","width":300,"height":143,"caption":"BIG Insurance Brokers"},"image":{"@id":"https:\/\/www.big-brokers.ch\/fr\/#\/schema\/logo\/image\/"}}]}},"_links":{"self":[{"href":"https:\/\/www.big-brokers.ch\/fr\/wp-json\/wp\/v2\/pages\/2984","targetHints":{"allow":["GET"]}}],"collection":[{"href":"https:\/\/www.big-brokers.ch\/fr\/wp-json\/wp\/v2\/pages"}],"about":[{"href":"https:\/\/www.big-brokers.ch\/fr\/wp-json\/wp\/v2\/types\/page"}],"author":[{"embeddable":true,"href":"https:\/\/www.big-brokers.ch\/fr\/wp-json\/wp\/v2\/users\/3"}],"replies":[{"embeddable":true,"href":"https:\/\/www.big-brokers.ch\/fr\/wp-json\/wp\/v2\/comments?post=2984"}],"version-history":[{"count":11,"href":"https:\/\/www.big-brokers.ch\/fr\/wp-json\/wp\/v2\/pages\/2984\/revisions"}],"predecessor-version":[{"id":8999,"href":"https:\/\/www.big-brokers.ch\/fr\/wp-json\/wp\/v2\/pages\/2984\/revisions\/8999"}],"wp:attachment":[{"href":"https:\/\/www.big-brokers.ch\/fr\/wp-json\/wp\/v2\/media?parent=2984"}],"curies":[{"name":"wp","href":"https:\/\/api.w.org\/{rel}","templated":true}]}}