{"id":2908,"date":"2019-03-29T01:18:44","date_gmt":"2019-03-29T00:18:44","guid":{"rendered":"https:\/\/www.big-brokers.ch\/clienti-privati\/"},"modified":"2025-10-22T12:07:35","modified_gmt":"2025-10-22T10:07:35","slug":"clients-prives","status":"publish","type":"page","link":"https:\/\/www.big-brokers.ch\/fr\/clients-prives\/","title":{"rendered":"Clients priv\u00e9s"},"content":{"rendered":"<div class=\"wpb-content-wrapper\"><p>[vc_row][vc_column] \n    <section class=\"content\">\n  <div class=\"container\">\n    <div class=\"row\">\n      <div class=\"col-12\">\n        <div class=\"section-title\"> <span><\/span>\n          <h2>Clients priv\u00e9s<\/h2>\n          <h6>BIG Insurance Brokers offre les meilleurs conseils possibles en mati\u00e8re d&#039;assurance, en \u00e9valuant les besoins et les perspectives \u00e0 court et \u00e0 long terme. Gr\u00e2ce \u00e0 notre exp\u00e9rience et \u00e0 notre professionnalisme, nous aidons les clients fortun\u00e9s \u00e0 \u00e9laborer un plan d&#039;assurance conforme \u00e0 leurs souhaits, en les accompagnant tout au long du processus.<\/h6>\n        <\/div>\n        <!-- end section-title -->\n      <\/div>\n      <!-- end col-12 -->\n      <div class=\"col-12\">\n        <p class=\"lead\">Nos propositions sont \u00e9labor\u00e9es au cas par cas, en \u00e9tudiant en profondeur l&#039;histoire du client et en mettant en relation ses attentes, avec les solutions que nos partenaires nous r\u00e9servent en exclusivit\u00e9. <\/p><br>\n      <\/div>\n      <!-- end col-12 -->\n      <div class=\"col-lg-6\">\n        \n        <p>L&#039;assurance-vie priv\u00e9e est l&#039;une des solutions les plus populaires et r\u00e9pond au besoin de prot\u00e9ger le patrimoine personnel. Les particuliers fortun\u00e9s peuvent prot\u00e9ger leurs investissements en comptant sur le savoir-faire d&#039;une entreprise qui, depuis plus de vingt ans, \u00e9volue sur un march\u00e9 international extr\u00eamement comp\u00e9titif.<\/p>\n      <\/div>\n      <!-- end col-col-6 -->\n      <div class=\"col-lg-6\">\n        <p>BIG Insurance Brokers fonctionne de mani\u00e8re ind\u00e9pendante, sans aucun influence des institutions bancaires ou des compagnies d&#039;assurance, avec une transparence totale en termes de co\u00fbts et n\u2019est pas impliqu\u00e9 dans la gestion financi\u00e8re. Un soutien pour tous les risques dont vous avez besoin, avec un partenaire capable de fournir des conseils complets en mati\u00e8re d&#039;assurance pour les clients priv\u00e9s et professionnels.  <\/p>\n        <br>\n                 <div class=\"progress-infos\"><small><strong><\/strong><\/small> \n         <small class=\"pull-right\"><\/small> <\/div>\n          <!-- end progress-infos -->\n          <div class=\"progress\">\n            <div class=\"progress-bar wow progress-one\" style=\"width:  !important;\"> <\/div>\n            <!-- end progress-bar --> \n          <\/div>\n          <!-- end progress -->\n                      <!-- end progress-bar --> \n          <\/div>\n          <!-- end progress -->\n      <\/div>\n      <!-- end col-6 -->\n    <\/div>\n    <!-- end row -->\n  <\/div>\n  <!-- end container -->\n<\/section>\n[\/vc_column][\/vc_row][vc_row full_width=&#8221;stretch_row_content_no_spaces&#8221; content_placement=&#8221;middle&#8221;][vc_column][vc_single_image image=&#8221;1019&#8243; img_size=&#8221;full&#8221; alignment=&#8221;center&#8221;][\/vc_column][\/vc_row][vc_row full_width=&#8221;stretch_row_content_no_spaces&#8221; content_placement=&#8221;middle&#8221;][vc_column] \n    <section class=\"image-content-box\">\n  <div class=\"container\">\n    <div class=\"row\">\n      <div class=\"col-12 wow fadeIn\">\n        <div class=\"section-title\"> <span><\/span>\n          <h2>Choisissez et contactez Votre Interlocuteur<\/h2>\n          <h6>Informations personnalis\u00e9es et conseils dans le monde entier.<\/h6>\n        <\/div>\n        <!-- end section-title --> \n      <\/div>\n      <!-- end col-12 -->\n      <div class=\"col-12\">\n              <div class=\"content-box wow fadeIn\">\n          <figure><img decoding=\"async\" src=\"https:\/\/www.big-brokers.ch\/wp-content\/uploads\/2019\/03\/image-8.png\" alt=\"Image\"><\/figure>\n          <h4>Italie<\/h4>\n          <p><\/p>\n                <a href=\"https:\/\/www.big-brokers.ch\/fr\/italie\/\"><img decoding=\"async\" src=\"https:\/\/www.big-brokers.ch\/wp-content\/themes\/uoncorp\/images\/icon-right-arrow.svg\" alt=\"Image\"><\/a>\n              <\/div>\n        <!-- end content-box -->\n                <div class=\"content-box wow fadeIn\">\n          <figure><img decoding=\"async\" src=\"https:\/\/www.big-brokers.ch\/wp-content\/uploads\/2019\/03\/Cartina_svizzera_.jpg\" alt=\"Image\"><\/figure>\n          <h4>Suisse<\/h4>\n          <p><\/p>\n                <a href=\"https:\/\/www.big-brokers.ch\/fr\/suisse\/\"><img decoding=\"async\" src=\"https:\/\/www.big-brokers.ch\/wp-content\/themes\/uoncorp\/images\/icon-right-arrow.svg\" alt=\"Image\"><\/a>\n              <\/div>\n        <!-- end content-box -->\n                <div class=\"content-box wow fadeIn\">\n          <figure><img decoding=\"async\" src=\"https:\/\/www.big-brokers.ch\/wp-content\/uploads\/2019\/03\/france-header.jpg\" alt=\"Image\"><\/figure>\n          <h4>France<br>et Monaco<\/h4>\n          <p><\/p>\n                <a href=\"https:\/\/big-brokers.ch\/fr\/france-monaco\/\"><img decoding=\"async\" src=\"https:\/\/www.big-brokers.ch\/wp-content\/themes\/uoncorp\/images\/icon-right-arrow.svg\" alt=\"Image\"><\/a>\n              <\/div>\n        <!-- end content-box -->\n                <div class=\"content-box wow fadeIn\">\n          <figure><img decoding=\"async\" src=\"https:\/\/www.big-brokers.ch\/wp-content\/uploads\/2019\/03\/uk-header.jpg\" alt=\"Image\"><\/figure>\n          <h4>Royaume-uni<\/h4>\n          <p><\/p>\n                <a href=\"https:\/\/www.big-brokers.ch\/fr\/royaume-uni\/\"><img decoding=\"async\" src=\"https:\/\/www.big-brokers.ch\/wp-content\/themes\/uoncorp\/images\/icon-right-arrow.svg\" alt=\"Image\"><\/a>\n              <\/div>\n        <!-- end content-box -->\n                <div class=\"content-box wow fadeIn\">\n          <figure><img decoding=\"async\" src=\"https:\/\/www.big-brokers.ch\/wp-content\/uploads\/2019\/03\/greece-header.jpg\" alt=\"Image\"><\/figure>\n          <h4>Gr\u00e8ce et <\/br>le Moyen-Orient<\/h4>\n          <p><\/p>\n                <a href=\"https:\/\/www.big-brokers.ch\/fr\/grece-et-moyen-orient\/\"><img decoding=\"async\" src=\"https:\/\/www.big-brokers.ch\/wp-content\/themes\/uoncorp\/images\/icon-right-arrow.svg\" alt=\"Image\"><\/a>\n              <\/div>\n        <!-- end content-box -->\n                <div class=\"content-box wow fadeIn\">\n          <figure><img decoding=\"async\" src=\"https:\/\/www.big-brokers.ch\/wp-content\/uploads\/2019\/03\/latam-header.jpg\" alt=\"Image\"><\/figure>\n          <h4>Espagne et<\/br>Am\u00e9rique latine<\/h4>\n          <p><\/p>\n                <a href=\"https:\/\/www.big-brokers.ch\/fr\/espagne-et-amerique-latine\/\"><img decoding=\"async\" src=\"https:\/\/www.big-brokers.ch\/wp-content\/themes\/uoncorp\/images\/icon-right-arrow.svg\" alt=\"Image\"><\/a>\n              <\/div>\n        <!-- end content-box -->\n                <!-- end content-box --> \n      <\/div>\n      <!-- end col-12 --> \n    <\/div>\n    <!-- end row --> \n  <\/div>\n  <!-- end container --> \n<\/section>\n[\/vc_column][\/vc_row]<\/p>\n<\/div>","protected":false},"excerpt":{"rendered":"<p>[vc_row][vc_column][\/vc_column][\/vc_row][vc_row full_width=&#8221;stretch_row_content_no_spaces&#8221; content_placement=&#8221;middle&#8221;][vc_column][vc_single_image image=&#8221;1019&#8243; img_size=&#8221;full&#8221; alignment=&#8221;center&#8221;][\/vc_column][\/vc_row][vc_row full_width=&#8221;stretch_row_content_no_spaces&#8221; content_placement=&#8221;middle&#8221;][vc_column][\/vc_column][\/vc_row]<\/p>\n","protected":false},"author":3,"featured_media":0,"parent":0,"menu_order":0,"comment_status":"closed","ping_status":"closed","template":"page-templates\/other-page.php","meta":{"footnotes":""},"class_list":["post-2908","page","type-page","status-publish","hentry"],"yoast_head":"<!-- This site is optimized with the Yoast SEO plugin v25.3.1 - https:\/\/yoast.com\/wordpress\/plugins\/seo\/ -->\n<title>Clients priv\u00e9s - BIG Insurance Brokers<\/title>\n<meta name=\"description\" content=\"Des solutions d\u2019assurance personnalis\u00e9es pour clients priv\u00e9s. Prot\u00e9gez vos biens, votre sant\u00e9 et votre patrimoine avec Big Brokers.\" \/>\n<meta name=\"robots\" content=\"index, follow, max-snippet:-1, max-image-preview:large, max-video-preview:-1\" \/>\n<link rel=\"canonical\" href=\"https:\/\/big-brokers.ch\/fr\/clients-prives\/\" \/>\n<meta property=\"og:locale\" content=\"fr_FR\" \/>\n<meta property=\"og:type\" content=\"article\" \/>\n<meta property=\"og:title\" content=\"Clients priv\u00e9s - BIG Insurance Brokers\" \/>\n<meta property=\"og:description\" content=\"Des solutions d\u2019assurance personnalis\u00e9es pour clients priv\u00e9s. Prot\u00e9gez vos biens, votre sant\u00e9 et votre patrimoine avec Big Brokers.\" \/>\n<meta property=\"og:url\" content=\"https:\/\/big-brokers.ch\/fr\/clients-prives\/\" \/>\n<meta property=\"og:site_name\" content=\"BIG Insurance Brokers\" \/>\n<meta property=\"article:modified_time\" content=\"2025-10-22T10:07:35+00:00\" \/>\n<meta name=\"twitter:card\" content=\"summary_large_image\" \/>\n<meta name=\"twitter:title\" content=\"Clients priv\u00e9s - BIG Insurance Brokers\" \/>\n<meta name=\"twitter:description\" content=\"Des solutions d\u2019assurance personnalis\u00e9es pour clients priv\u00e9s. Prot\u00e9gez vos biens, votre sant\u00e9 et votre patrimoine avec Big Brokers.\" \/>\n<meta name=\"twitter:label1\" content=\"Dur\u00e9e de lecture estim\u00e9e\" \/>\n\t<meta name=\"twitter:data1\" content=\"2 minutes\" \/>\n<script type=\"application\/ld+json\" class=\"yoast-schema-graph\">{\"@context\":\"https:\/\/schema.org\",\"@graph\":[{\"@type\":\"WebPage\",\"@id\":\"https:\/\/big-brokers.ch\/fr\/clients-prives\/\",\"url\":\"https:\/\/big-brokers.ch\/fr\/clients-prives\/\",\"name\":\"Clients priv\u00e9s - BIG Insurance Brokers\",\"isPartOf\":{\"@id\":\"https:\/\/www.big-brokers.ch\/fr\/#website\"},\"datePublished\":\"2019-03-29T00:18:44+00:00\",\"dateModified\":\"2025-10-22T10:07:35+00:00\",\"description\":\"Des solutions d\u2019assurance personnalis\u00e9es pour clients priv\u00e9s. Prot\u00e9gez vos biens, votre sant\u00e9 et votre patrimoine avec Big Brokers.\",\"breadcrumb\":{\"@id\":\"https:\/\/big-brokers.ch\/fr\/clients-prives\/#breadcrumb\"},\"inLanguage\":\"fr-FR\",\"potentialAction\":[{\"@type\":\"ReadAction\",\"target\":[\"https:\/\/big-brokers.ch\/fr\/clients-prives\/\"]}]},{\"@type\":\"BreadcrumbList\",\"@id\":\"https:\/\/big-brokers.ch\/fr\/clients-prives\/#breadcrumb\",\"itemListElement\":[{\"@type\":\"ListItem\",\"position\":1,\"name\":\"Home\",\"item\":\"https:\/\/www.big-brokers.ch\/fr\/\"},{\"@type\":\"ListItem\",\"position\":2,\"name\":\"Clients priv\u00e9s\"}]},{\"@type\":\"WebSite\",\"@id\":\"https:\/\/www.big-brokers.ch\/fr\/#website\",\"url\":\"https:\/\/www.big-brokers.ch\/fr\/\",\"name\":\"BIG Insurance Brokers\",\"description\":\"we are your international brokers\",\"publisher\":{\"@id\":\"https:\/\/www.big-brokers.ch\/fr\/#organization\"},\"potentialAction\":[{\"@type\":\"SearchAction\",\"target\":{\"@type\":\"EntryPoint\",\"urlTemplate\":\"https:\/\/www.big-brokers.ch\/fr\/?s={search_term_string}\"},\"query-input\":{\"@type\":\"PropertyValueSpecification\",\"valueRequired\":true,\"valueName\":\"search_term_string\"}}],\"inLanguage\":\"fr-FR\"},{\"@type\":\"Organization\",\"@id\":\"https:\/\/www.big-brokers.ch\/fr\/#organization\",\"name\":\"BIG Insurance Brokers\",\"url\":\"https:\/\/www.big-brokers.ch\/fr\/\",\"logo\":{\"@type\":\"ImageObject\",\"inLanguage\":\"fr-FR\",\"@id\":\"https:\/\/www.big-brokers.ch\/fr\/#\/schema\/logo\/image\/\",\"url\":\"https:\/\/big-brokers.ch\/wp-content\/uploads\/2019\/08\/big-insurance-brokers-logo.png\",\"contentUrl\":\"https:\/\/big-brokers.ch\/wp-content\/uploads\/2019\/08\/big-insurance-brokers-logo.png\",\"width\":300,\"height\":143,\"caption\":\"BIG Insurance Brokers\"},\"image\":{\"@id\":\"https:\/\/www.big-brokers.ch\/fr\/#\/schema\/logo\/image\/\"}}]}<\/script>\n<!-- \/ Yoast SEO plugin. -->","yoast_head_json":{"title":"Clients priv\u00e9s - BIG Insurance Brokers","description":"Des solutions d\u2019assurance personnalis\u00e9es pour clients priv\u00e9s. Prot\u00e9gez vos biens, votre sant\u00e9 et votre patrimoine avec Big Brokers.","robots":{"index":"index","follow":"follow","max-snippet":"max-snippet:-1","max-image-preview":"max-image-preview:large","max-video-preview":"max-video-preview:-1"},"canonical":"https:\/\/big-brokers.ch\/fr\/clients-prives\/","og_locale":"fr_FR","og_type":"article","og_title":"Clients priv\u00e9s - BIG Insurance Brokers","og_description":"Des solutions d\u2019assurance personnalis\u00e9es pour clients priv\u00e9s. Prot\u00e9gez vos biens, votre sant\u00e9 et votre patrimoine avec Big Brokers.","og_url":"https:\/\/big-brokers.ch\/fr\/clients-prives\/","og_site_name":"BIG Insurance Brokers","article_modified_time":"2025-10-22T10:07:35+00:00","twitter_card":"summary_large_image","twitter_title":"Clients priv\u00e9s - BIG Insurance Brokers","twitter_description":"Des solutions d\u2019assurance personnalis\u00e9es pour clients priv\u00e9s. Prot\u00e9gez vos biens, votre sant\u00e9 et votre patrimoine avec Big Brokers.","twitter_misc":{"Dur\u00e9e de lecture estim\u00e9e":"2 minutes"},"schema":{"@context":"https:\/\/schema.org","@graph":[{"@type":"WebPage","@id":"https:\/\/big-brokers.ch\/fr\/clients-prives\/","url":"https:\/\/big-brokers.ch\/fr\/clients-prives\/","name":"Clients priv\u00e9s - BIG Insurance Brokers","isPartOf":{"@id":"https:\/\/www.big-brokers.ch\/fr\/#website"},"datePublished":"2019-03-29T00:18:44+00:00","dateModified":"2025-10-22T10:07:35+00:00","description":"Des solutions d\u2019assurance personnalis\u00e9es pour clients priv\u00e9s. Prot\u00e9gez vos biens, votre sant\u00e9 et votre patrimoine avec Big Brokers.","breadcrumb":{"@id":"https:\/\/big-brokers.ch\/fr\/clients-prives\/#breadcrumb"},"inLanguage":"fr-FR","potentialAction":[{"@type":"ReadAction","target":["https:\/\/big-brokers.ch\/fr\/clients-prives\/"]}]},{"@type":"BreadcrumbList","@id":"https:\/\/big-brokers.ch\/fr\/clients-prives\/#breadcrumb","itemListElement":[{"@type":"ListItem","position":1,"name":"Home","item":"https:\/\/www.big-brokers.ch\/fr\/"},{"@type":"ListItem","position":2,"name":"Clients priv\u00e9s"}]},{"@type":"WebSite","@id":"https:\/\/www.big-brokers.ch\/fr\/#website","url":"https:\/\/www.big-brokers.ch\/fr\/","name":"BIG Insurance Brokers","description":"we are your international brokers","publisher":{"@id":"https:\/\/www.big-brokers.ch\/fr\/#organization"},"potentialAction":[{"@type":"SearchAction","target":{"@type":"EntryPoint","urlTemplate":"https:\/\/www.big-brokers.ch\/fr\/?s={search_term_string}"},"query-input":{"@type":"PropertyValueSpecification","valueRequired":true,"valueName":"search_term_string"}}],"inLanguage":"fr-FR"},{"@type":"Organization","@id":"https:\/\/www.big-brokers.ch\/fr\/#organization","name":"BIG Insurance Brokers","url":"https:\/\/www.big-brokers.ch\/fr\/","logo":{"@type":"ImageObject","inLanguage":"fr-FR","@id":"https:\/\/www.big-brokers.ch\/fr\/#\/schema\/logo\/image\/","url":"https:\/\/big-brokers.ch\/wp-content\/uploads\/2019\/08\/big-insurance-brokers-logo.png","contentUrl":"https:\/\/big-brokers.ch\/wp-content\/uploads\/2019\/08\/big-insurance-brokers-logo.png","width":300,"height":143,"caption":"BIG Insurance Brokers"},"image":{"@id":"https:\/\/www.big-brokers.ch\/fr\/#\/schema\/logo\/image\/"}}]}},"_links":{"self":[{"href":"https:\/\/www.big-brokers.ch\/fr\/wp-json\/wp\/v2\/pages\/2908","targetHints":{"allow":["GET"]}}],"collection":[{"href":"https:\/\/www.big-brokers.ch\/fr\/wp-json\/wp\/v2\/pages"}],"about":[{"href":"https:\/\/www.big-brokers.ch\/fr\/wp-json\/wp\/v2\/types\/page"}],"author":[{"embeddable":true,"href":"https:\/\/www.big-brokers.ch\/fr\/wp-json\/wp\/v2\/users\/3"}],"replies":[{"embeddable":true,"href":"https:\/\/www.big-brokers.ch\/fr\/wp-json\/wp\/v2\/comments?post=2908"}],"version-history":[{"count":13,"href":"https:\/\/www.big-brokers.ch\/fr\/wp-json\/wp\/v2\/pages\/2908\/revisions"}],"predecessor-version":[{"id":7163,"href":"https:\/\/www.big-brokers.ch\/fr\/wp-json\/wp\/v2\/pages\/2908\/revisions\/7163"}],"wp:attachment":[{"href":"https:\/\/www.big-brokers.ch\/fr\/wp-json\/wp\/v2\/media?parent=2908"}],"curies":[{"name":"wp","href":"https:\/\/api.w.org\/{rel}","templated":true}]}}